{"id":498,"date":"2025-11-20T08:49:01","date_gmt":"2025-11-20T07:49:01","guid":{"rendered":"https:\/\/pimpam-vending.com\/pimpam-casebox\/"},"modified":"2026-01-30T13:41:10","modified_gmt":"2026-01-30T12:41:10","slug":"pimpam-casebox","status":"publish","type":"page","link":"https:\/\/pimpam-vending.com\/fr\/pimpam-casebox\/","title":{"rendered":"Pimpam Casebox"},"content":{"rendered":"\t\t<div data-elementor-type=\"wp-page\" data-elementor-id=\"498\" class=\"elementor elementor-498 elementor-268\" data-elementor-post-type=\"page\">\n\t\t\t\t<div class=\"elementor-element elementor-element-2d877591 e-flex e-con-boxed e-con e-parent\" data-id=\"2d877591\" data-element_type=\"container\" data-settings=\"{&quot;background_background&quot;:&quot;gradient&quot;,&quot;shape_divider_bottom&quot;:&quot;waves&quot;}\">\n\t\t\t\t\t<div class=\"e-con-inner\">\n\t\t\t\t<div class=\"elementor-shape elementor-shape-bottom\" aria-hidden=\"true\" data-negative=\"false\">\n\t\t\t<svg xmlns=\"http:\/\/www.w3.org\/2000\/svg\" viewBox=\"0 0 1000 100\" preserveAspectRatio=\"none\">\n\t<path class=\"elementor-shape-fill\" d=\"M421.9,6.5c22.6-2.5,51.5,0.4,75.5,5.3c23.6,4.9,70.9,23.5,100.5,35.7c75.8,32.2,133.7,44.5,192.6,49.7\n\tc23.6,2.1,48.7,3.5,103.4-2.5c54.7-6,106.2-25.6,106.2-25.6V0H0v30.3c0,0,72,32.6,158.4,30.5c39.2-0.7,92.8-6.7,134-22.4\n\tc21.2-8.1,52.2-18.2,79.7-24.2C399.3,7.9,411.6,7.5,421.9,6.5z\"\/>\n<\/svg>\t\t<\/div>\n\t\t\t\t<div class=\"elementor-element elementor-element-5041a16 elementor-widget elementor-widget-heading\" data-id=\"5041a16\" data-element_type=\"widget\" data-widget_type=\"heading.default\">\n\t\t\t\t\t<h1 class=\"elementor-heading-title elementor-size-default\">Pimpam CaseBox<\/h1>\t\t\t\t<\/div>\n\t\t\t\t<div class=\"elementor-element elementor-element-3144bb87 elementor-widget elementor-widget-heading\" data-id=\"3144bb87\" data-element_type=\"widget\" data-widget_type=\"heading.default\">\n\t\t\t\t\t<h3 class=\"elementor-heading-title elementor-size-default\"><p data-start=\"0\" data-end=\"84\"><em data-start=\"21\" data-end=\"84\">Personnalisez. Imprimez. Vendez l\u00e0 o\u00f9 une grande machine ne peut pas tenir.  <\/em><span style=\"color: var( --e-global-color-f898f31 );font-family: var( --e-global-typography-secondary-font-family ), Sans-serif;font-size: var( --e-global-typography-secondary-font-size );font-weight: var( --e-global-typography-secondary-font-weight );background-color: transparent\"><\/span><\/p><\/h3>\t\t\t\t<\/div>\n\t\t\t\t\t<\/div>\n\t\t\t\t<\/div>\n\t\t<div class=\"elementor-element elementor-element-d50e8ed e-flex e-con-boxed e-con e-parent\" data-id=\"d50e8ed\" data-element_type=\"container\">\n\t\t\t\t\t<div class=\"e-con-inner\">\n\t\t\t\t<div class=\"elementor-element elementor-element-98243d0 elementor-widget elementor-widget-spacer\" data-id=\"98243d0\" data-element_type=\"widget\" data-widget_type=\"spacer.default\">\n\t\t\t\t\t\t\t<div class=\"elementor-spacer\">\n\t\t\t<div class=\"elementor-spacer-inner\"><\/div>\n\t\t<\/div>\n\t\t\t\t\t\t<\/div>\n\t\t\t\t\t<\/div>\n\t\t\t\t<\/div>\n\t\t<div class=\"elementor-element elementor-element-334d89a e-grid e-con-boxed e-con e-parent\" data-id=\"334d89a\" data-element_type=\"container\">\n\t\t\t\t\t<div class=\"e-con-inner\">\n\t\t<div class=\"elementor-element elementor-element-2802e61 e-con-full e-flex e-con e-child\" data-id=\"2802e61\" data-element_type=\"container\">\n\t\t\t\t<div class=\"elementor-element elementor-element-077e682 elementor-widget elementor-widget-image\" data-id=\"077e682\" data-element_type=\"widget\" data-widget_type=\"image.default\">\n\t\t\t\t\t\t\t\t\t\t\t\t\t\t\t<img fetchpriority=\"high\" decoding=\"async\" width=\"768\" height=\"1152\" src=\"https:\/\/pimpam-vending.com\/wp-content\/uploads\/2026\/01\/ChatGPT-Image-22-ene-2026-17_07_00-768x1152.png\" class=\"attachment-medium_large size-medium_large wp-image-383\" alt=\"\" srcset=\"https:\/\/pimpam-vending.com\/wp-content\/uploads\/2026\/01\/ChatGPT-Image-22-ene-2026-17_07_00-768x1152.png 768w, https:\/\/pimpam-vending.com\/wp-content\/uploads\/2026\/01\/ChatGPT-Image-22-ene-2026-17_07_00-200x300.png 200w, https:\/\/pimpam-vending.com\/wp-content\/uploads\/2026\/01\/ChatGPT-Image-22-ene-2026-17_07_00-683x1024.png 683w, https:\/\/pimpam-vending.com\/wp-content\/uploads\/2026\/01\/ChatGPT-Image-22-ene-2026-17_07_00.png 1024w\" sizes=\"(max-width: 768px) 100vw, 768px\" \/>\t\t\t\t\t\t\t\t\t\t\t\t\t\t\t<\/div>\n\t\t\t\t<\/div>\n\t\t<div class=\"elementor-element elementor-element-b5b1146 e-con-full e-flex e-con e-child\" data-id=\"b5b1146\" data-element_type=\"container\">\n\t\t\t\t<div class=\"elementor-element elementor-element-411d22b elementor-widget elementor-widget-heading\" data-id=\"411d22b\" data-element_type=\"widget\" data-widget_type=\"heading.default\">\n\t\t\t\t\t<h2 class=\"elementor-heading-title elementor-size-default\">Impact sur les revenus et l'exploitation<\/h2>\t\t\t\t<\/div>\n\t\t\t\t<div class=\"elementor-element elementor-element-fc36f83 elementor-widget elementor-widget-text-editor\" data-id=\"fc36f83\" data-element_type=\"widget\" data-widget_type=\"text-editor.default\">\n\t\t\t\t\t\t\t\t\t<ul><li data-start=\"128\" data-end=\"269\"><strong>Mon\u00e9tisez les petits espaces<\/strong>&nbsp;: transformez un coin, l&rsquo;entr\u00e9e d&rsquo;un magasin ou un large couloir en un point de vente de coques personnalis\u00e9es.<\/li><\/ul><ul><li data-start=\"271\" data-end=\"377\"><strong>Libre-service sans friction<\/strong>&nbsp;: la machine fonctionne seule pendant que votre \u00e9quipe se concentre sur le reste de l&rsquo;activit\u00e9.<\/li><\/ul><ul><li data-start=\"379\" data-end=\"527\"><strong>Id\u00e9al pour tester et \u00e9voluer<\/strong>&nbsp;: parfait pour les pilotes, les pop-ups et les emplacements o\u00f9 vous souhaitez tester le concept avant de d\u00e9ployer des mod\u00e8les plus grands.<\/li><\/ul><ul><li data-start=\"529\" data-end=\"652\"><strong>Installation flexible<\/strong>&nbsp;: format compact, facile \u00e0 d\u00e9placer dans le m\u00eame centre en fonction des campagnes, des saisons ou du flux de public.<\/li><\/ul>\t\t\t\t\t\t\t\t<\/div>\n\t\t\t\t<div class=\"elementor-element elementor-element-2f2eabb elementor-widget elementor-widget-heading\" data-id=\"2f2eabb\" data-element_type=\"widget\" data-widget_type=\"heading.default\">\n\t\t\t\t\t<h2 class=\"elementor-heading-title elementor-size-default\">Comment le client ach\u00e8te-t-il&nbsp;?<\/h2>\t\t\t\t<\/div>\n\t\t\t\t<div class=\"elementor-element elementor-element-091a002 elementor-widget elementor-widget-text-editor\" data-id=\"091a002\" data-element_type=\"widget\" data-widget_type=\"text-editor.default\">\n\t\t\t\t\t\t\t\t\t<p data-start=\"687\" data-end=\"935\">Le client s\u00e9lectionne son mod\u00e8le de t\u00e9l\u00e9phone portable sur l&rsquo;\u00e9cran tactile, con\u00e7oit la coque avec ses photos, textes et autocollants en visualisant l&rsquo;aper\u00e7u, effectue le paiement et r\u00e9cup\u00e8re sa coque apr\u00e8s l&rsquo;impression UV et la distribution automatique en quelques minutes.<\/p>\t\t\t\t\t\t\t\t<\/div>\n\t\t\t\t<div class=\"elementor-element elementor-element-fb37efc elementor-widget elementor-widget-heading\" data-id=\"fb37efc\" data-element_type=\"widget\" data-widget_type=\"heading.default\">\n\t\t\t\t\t<h2 class=\"elementor-heading-title elementor-size-default\">Fonctionnement et maintenance<\/h2>\t\t\t\t<\/div>\n\t\t\t\t<div class=\"elementor-element elementor-element-1f4e296 elementor-widget elementor-widget-text-editor\" data-id=\"1f4e296\" data-element_type=\"widget\" data-widget_type=\"text-editor.default\">\n\t\t\t\t\t\t\t\t\t<ul><li data-start=\"973\" data-end=\"1115\"><strong>Utilisation quotidienne simple<\/strong>&nbsp;: nettoyage rapide de la zone d&rsquo;impression et des surfaces d&rsquo;appui, sans besoin de personnel technique sp\u00e9cialis\u00e9.<\/li><\/ul><ul><li data-start=\"1117\" data-end=\"1236\"><strong>R\u00e9approvisionnement agile<\/strong>&nbsp;: acc\u00e8s frontal pour charger les coques et les consommables dans un espace tr\u00e8s r\u00e9duit, con\u00e7u pour les magasins et les corners.<\/li><\/ul><ul><li data-start=\"1238\" data-end=\"1372\"><strong>Support \u00e0 distance et formation<\/strong>&nbsp;: assistance en ligne pour le diagnostic de base, les mises \u00e0 jour logicielles et la formation \u00e0 la mise en route.<\/li><\/ul>\t\t\t\t\t\t\t\t<\/div>\n\t\t\t\t<\/div>\n\t\t\t\t\t<\/div>\n\t\t\t\t<\/div>\n\t\t<div class=\"elementor-element elementor-element-a96e6d5 e-flex e-con-boxed e-con e-parent\" data-id=\"a96e6d5\" data-element_type=\"container\">\n\t\t\t\t\t<div class=\"e-con-inner\">\n\t\t\t\t<div class=\"elementor-element elementor-element-07cf5e3 elementor-widget elementor-widget-cta\" data-id=\"07cf5e3\" data-element_type=\"widget\" data-settings=\"{&quot;layout_preset&quot;:&quot;storytelling&quot;,&quot;content_alignment_tablet&quot;:&quot;center&quot;,&quot;content_alignment_mobile&quot;:&quot;center&quot;,&quot;image_shape&quot;:&quot;sharp&quot;,&quot;primary_button_shape&quot;:&quot;default&quot;,&quot;cta_width&quot;:&quot;default&quot;,&quot;cta_position&quot;:&quot;default&quot;,&quot;box_shape&quot;:&quot;sharp&quot;}\" data-widget_type=\"cta.default\">\n\t\t\t\t<div class=\"elementor-widget-container\">\n\t\t\t\t\t\t\t<div class=\"has-shape-sharp shape-type-box ehp-cta has-preset-storytelling\">\n\t\t\t<div class=\"ehp-cta__overlay\"><\/div>\n\t\t\t<div class=\"ehp-cta__elements-container\">\n\t\t\t\t\t\t\t<div class=\"ehp-image ehp-cta__image-container\">\n\t\t\t\t<img decoding=\"async\" class=\"ehp-image__img ehp-cta__img has-shape-sharp shape-type-image\" src=\"https:\/\/pimpam-vending.com\/wp-content\/uploads\/2026\/01\/pimpam-aeropuerto.png\" title=\"pimpam aeropuerto\" alt=\"pimpam aeropuerto\" loading=\"lazy\" \/>\t\t\t<\/div>\n\t\t\t\t\t<div class=\"ehp-cta__text-container\">\n\t\t\t<h2 class=\"ehp-cta__heading\">Votre couloir, votre CaseBox, vos ventes.<\/h2><p class=\"ehp-cta__description\">Transformez n'importe quel coin en un point de vente de coques personnalis\u00e9es<\/p>\t\t<\/div>\n\t\t\t\t\t<div class=\"ehp-cta__ctas-container has-cta-width-default\">\n\t\t\t\t<div class=\"ehp-cta__buttons-wrapper\">\n\t\t\t\t\t\t\t<a class=\"has-shape-default shape-type-button ehp-button ehp-button--primary ehp-cta__button ehp-cta__button--primary is-type-button\" href=\"https:\/\/pimpam-vending.com\/contact\/\">\n\t\t\t\t\t<span class=\"ehp-button__text ehp-cta__button-text ehp-cta__button-text--primary\">\n\t\t\tPlus d&#039;informations\t\t\t\t<\/a>\n\t\t\t\t\t\t\t\t\t\t\t<\/div>\n\t\t\t<\/div>\n\t\t\t\t\t<\/div>\n\t\t<\/div>\n\t\t\t\t\t\t<\/div>\n\t\t\t\t<\/div>\n\t\t\t\t\t<\/div>\n\t\t\t\t<\/div>\n\t\t<div class=\"elementor-element elementor-element-949ae65 e-grid e-con-boxed e-con e-parent\" data-id=\"949ae65\" data-element_type=\"container\">\n\t\t\t\t\t<div class=\"e-con-inner\">\n\t\t<div class=\"elementor-element elementor-element-8054d9e e-con-full e-flex e-con e-child\" data-id=\"8054d9e\" data-element_type=\"container\">\n\t\t\t\t<div class=\"elementor-element elementor-element-68c566d elementor-widget elementor-widget-heading\" data-id=\"68c566d\" data-element_type=\"widget\" data-widget_type=\"heading.default\">\n\t\t\t\t\t<h2 class=\"elementor-heading-title elementor-size-default\">Sp\u00e9cifications cl\u00e9s<\/h2>\t\t\t\t<\/div>\n\t\t\t\t<div class=\"elementor-element elementor-element-993e646 elementor-widget elementor-widget-text-editor\" data-id=\"993e646\" data-element_type=\"widget\" data-widget_type=\"text-editor.default\">\n\t\t\t\t\t\t\t\t\t<ul><li data-start=\"1407\" data-end=\"1502\"><p data-start=\"1409\" data-end=\"1502\"><strong data-start=\"1409\" data-end=\"1430\">Format compact&nbsp;:<\/strong> faible encombrement, con\u00e7u pour les petits espaces et les zones de passage \u00e9lev\u00e9.<\/p><\/li><li data-start=\"1503\" data-end=\"1598\"><p data-start=\"1505\" data-end=\"1598\"><strong data-start=\"1505\" data-end=\"1519\">Capacit\u00e9&nbsp;:<\/strong> jusqu&rsquo;\u00e0 plusieurs centaines de coques (selon la configuration des plateaux et les mod\u00e8les).<\/p><\/li><li data-start=\"1599\" data-end=\"1662\"><p data-start=\"1601\" data-end=\"1662\"><strong data-start=\"1601\" data-end=\"1618\">Alimentation&nbsp;:<\/strong> connexion \u00e9lectrique standard AC 110\u2013220&nbsp;V.<\/p><\/li><li data-start=\"1663\" data-end=\"1748\"><p data-start=\"1665\" data-end=\"1748\"><strong data-start=\"1665\" data-end=\"1679\">Impression&nbsp;:<\/strong> technologie UV couleur pour coques TPU\/silicone\/PC compatibles.<\/p><\/li><li data-start=\"1749\" data-end=\"1820\"><p data-start=\"1751\" data-end=\"1820\"><strong data-start=\"1751\" data-end=\"1764\">\u00c9cran&nbsp;:<\/strong> tactile avec flux de conception guid\u00e9 et pr\u00e9visualisation.<\/p><\/li><li data-start=\"1821\" data-end=\"1925\"><p data-start=\"1823\" data-end=\"1925\"><strong data-start=\"1823\" data-end=\"1833\">Paiements&nbsp;:<\/strong> pr\u00e9par\u00e9e pour int\u00e9grer carte, paiements mobiles et\/ou esp\u00e8ces (selon le pays et le TPV install\u00e9).<\/p><\/li><li data-start=\"1926\" data-end=\"2013\"><p data-start=\"1928\" data-end=\"2013\"><strong data-start=\"1928\" data-end=\"1945\">Connectivit\u00e9&nbsp;:<\/strong> connexion au r\u00e9seau pour le contr\u00f4le \u00e0 distance et la mise \u00e0 jour des contenus.<\/p><\/li><li data-start=\"2014\" data-end=\"2100\"><p data-start=\"2016\" data-end=\"2100\"><strong data-start=\"2016\" data-end=\"2029\">Logiciel&nbsp;:<\/strong> gestion de base de l&rsquo;inventaire, de l&rsquo;\u00e9tat de la machine et des statistiques d&rsquo;utilisation.<\/p><\/li><\/ul><p data-start=\"2016\" data-end=\"2100\"><em data-start=\"2104\" data-end=\"2214\">Sp\u00e9cifications indicatives, sujettes \u00e0 la configuration finale et aux \u00e9ventuelles mises \u00e0 jour du fabricant.<\/em><\/p>\t\t\t\t\t\t\t\t<\/div>\n\t\t\t\t<div class=\"elementor-element elementor-element-b6c58a2 elementor-widget elementor-widget-heading\" data-id=\"b6c58a2\" data-element_type=\"widget\" data-widget_type=\"heading.default\">\n\t\t\t\t\t<h2 class=\"elementor-heading-title elementor-size-default\">Implantation et options<\/h2>\t\t\t\t<\/div>\n\t\t\t\t<div class=\"elementor-element elementor-element-7bbc0f1 elementor-widget elementor-widget-text-editor\" data-id=\"7bbc0f1\" data-element_type=\"widget\" data-widget_type=\"text-editor.default\">\n\t\t\t\t\t\t\t\t\t<ul><li data-start=\"2250\" data-end=\"2381\"><strong>Emplacement&nbsp;:<\/strong> con\u00e7ue pour les int\u00e9rieurs de commerces de d\u00e9tail, les campus, les lieux de loisirs et les \u00e9v\u00e9nements, o\u00f9 l&rsquo;espace est limit\u00e9 mais le trafic est constant.<\/li><\/ul><ul><li data-start=\"2383\" data-end=\"2500\"><strong>Infrastructure minimale&nbsp;:<\/strong> 1&nbsp;prise \u00e9lectrique stable et acc\u00e8s au r\u00e9seau (Ethernet ou r\u00e9seau d&rsquo;entreprise\/Wi-Fi, selon le projet).<\/li><\/ul><ul><li data-start=\"2502\" data-end=\"2660\"><strong>Marque&nbsp;:<\/strong> personnalisation compl\u00e8te de l&rsquo;ext\u00e9rieur (vinyles, couleurs et messages) et adaptation du catalogue de designs \u00e0 votre marque ou \u00e0 l&rsquo;espace o\u00f9 elle est install\u00e9e.<\/li><\/ul><ul><li data-start=\"2662\" data-end=\"2797\"><strong>Packs de lancement&nbsp;:<\/strong> configuration initiale, formation de base et pack de coques et de consommables pour commencer \u00e0 vendre d\u00e8s le premier jour.<\/li><\/ul>\t\t\t\t\t\t\t\t<\/div>\n\t\t\t\t<\/div>\n\t\t<div class=\"elementor-element elementor-element-6acf969 e-con-full e-flex e-con e-child\" data-id=\"6acf969\" data-element_type=\"container\">\n\t\t\t\t<div class=\"elementor-element elementor-element-0c99360 elementor-widget elementor-widget-image\" data-id=\"0c99360\" data-element_type=\"widget\" data-widget_type=\"image.default\">\n\t\t\t\t\t\t\t\t\t\t\t\t\t\t\t<img decoding=\"async\" width=\"800\" height=\"939\" src=\"https:\/\/pimpam-vending.com\/wp-content\/uploads\/2026\/01\/pimpam-centro-872x1024.png\" class=\"attachment-large size-large wp-image-388\" alt=\"\" srcset=\"https:\/\/pimpam-vending.com\/wp-content\/uploads\/2026\/01\/pimpam-centro-872x1024.png 872w, https:\/\/pimpam-vending.com\/wp-content\/uploads\/2026\/01\/pimpam-centro-255x300.png 255w, https:\/\/pimpam-vending.com\/wp-content\/uploads\/2026\/01\/pimpam-centro-768x902.png 768w, https:\/\/pimpam-vending.com\/wp-content\/uploads\/2026\/01\/pimpam-centro.png 1024w\" sizes=\"(max-width: 800px) 100vw, 800px\" \/>\t\t\t\t\t\t\t\t\t\t\t\t\t\t\t<\/div>\n\t\t\t\t<\/div>\n\t\t\t\t\t<\/div>\n\t\t\t\t<\/div>\n\t\t<div class=\"elementor-element elementor-element-f2f7959 e-flex e-con-boxed e-con e-parent\" data-id=\"f2f7959\" data-element_type=\"container\">\n\t\t\t\t\t<div class=\"e-con-inner\">\n\t\t\t\t<div class=\"elementor-element elementor-element-7cb459e elementor-widget elementor-widget-spacer\" data-id=\"7cb459e\" data-element_type=\"widget\" data-widget_type=\"spacer.default\">\n\t\t\t\t\t\t\t<div class=\"elementor-spacer\">\n\t\t\t<div class=\"elementor-spacer-inner\"><\/div>\n\t\t<\/div>\n\t\t\t\t\t\t<\/div>\n\t\t\t\t\t<\/div>\n\t\t\t\t<\/div>\n\t\t<div class=\"elementor-element elementor-element-72c2b69c e-flex e-con-boxed e-con e-parent\" data-id=\"72c2b69c\" data-element_type=\"container\" data-settings=\"{&quot;background_background&quot;:&quot;gradient&quot;,&quot;shape_divider_top&quot;:&quot;waves&quot;}\">\n\t\t\t\t\t<div class=\"e-con-inner\">\n\t\t\t\t<div class=\"elementor-shape elementor-shape-top\" aria-hidden=\"true\" data-negative=\"false\">\n\t\t\t<svg xmlns=\"http:\/\/www.w3.org\/2000\/svg\" viewBox=\"0 0 1000 100\" preserveAspectRatio=\"none\">\n\t<path class=\"elementor-shape-fill\" d=\"M421.9,6.5c22.6-2.5,51.5,0.4,75.5,5.3c23.6,4.9,70.9,23.5,100.5,35.7c75.8,32.2,133.7,44.5,192.6,49.7\n\tc23.6,2.1,48.7,3.5,103.4-2.5c54.7-6,106.2-25.6,106.2-25.6V0H0v30.3c0,0,72,32.6,158.4,30.5c39.2-0.7,92.8-6.7,134-22.4\n\tc21.2-8.1,52.2-18.2,79.7-24.2C399.3,7.9,411.6,7.5,421.9,6.5z\"\/>\n<\/svg>\t\t<\/div>\n\t\t<div class=\"elementor-element elementor-element-2c8874b4 e-con-full e-flex e-con e-child\" data-id=\"2c8874b4\" data-element_type=\"container\">\n\t\t\t\t<div class=\"elementor-element elementor-element-259c6096 elementor-widget elementor-widget-cta\" data-id=\"259c6096\" data-element_type=\"widget\" data-settings=\"{&quot;primary_button_shape&quot;:&quot;round&quot;,&quot;layout_preset&quot;:&quot;focus&quot;,&quot;cta_vertical_position&quot;:&quot;start&quot;,&quot;box_shape&quot;:&quot;sharp&quot;}\" data-widget_type=\"cta.default\">\n\t\t\t\t<div class=\"elementor-widget-container\">\n\t\t\t\t\t\t\t<div class=\"has-shape-sharp shape-type-box ehp-cta has-preset-focus\">\n\t\t\t<div class=\"ehp-cta__overlay\"><\/div>\n\t\t\t<div class=\"ehp-cta__elements-container\">\n\t\t\t\t\t\t<div class=\"ehp-cta__text-container\">\n\t\t\t<h2 class=\"ehp-cta__heading\">Parlons de votre prochaine machine Pimpam Vending<\/h2><p class=\"ehp-cta__description\">Vous avez un bon emplacement et vous voulez savoir si une machine peut s'y installer&nbsp;: dites-nous o\u00f9 et nous vous pr\u00e9parons une proposition sans engagement.<\/p>\t\t<\/div>\n\t\t\t\t\t<div class=\"ehp-cta__ctas-container\">\n\t\t\t\t<div class=\"ehp-cta__buttons-wrapper\">\n\t\t\t\t\t\t\t<a class=\"has-shape-round shape-type-button ehp-button ehp-button--primary ehp-cta__button ehp-cta__button--primary is-type-button\" href=\"https:\/\/pimpam-vending.com\/contact\/\">\n\t\t\t\t\t<span class=\"ehp-button__text ehp-cta__button-text ehp-cta__button-text--primary\">\n\t\t\tPlus d&#039;informations\t\t\t\t<\/a>\n\t\t\t\t\t\t\t\t\t\t\t<\/div>\n\t\t\t<\/div>\n\t\t\t\t\t<\/div>\n\t\t<\/div>\n\t\t\t\t\t\t<\/div>\n\t\t\t\t<\/div>\n\t\t\t\t<\/div>\n\t\t<div class=\"elementor-element elementor-element-2c1b48fa e-con-full e-flex e-con e-child\" data-id=\"2c1b48fa\" data-element_type=\"container\">\n\t\t\t\t<div class=\"elementor-element elementor-element-2c95c29f elementor-widget elementor-widget-image\" data-id=\"2c95c29f\" data-element_type=\"widget\" data-widget_type=\"image.default\">\n\t\t\t\t\t\t\t\t\t\t\t\t\t\t\t<img decoding=\"async\" width=\"539\" height=\"539\" src=\"https:\/\/pimpam-vending.com\/wp-content\/uploads\/2025\/11\/CTA-About-new.png\" class=\"attachment-full size-full wp-image-499\" alt=\"\" srcset=\"https:\/\/pimpam-vending.com\/wp-content\/uploads\/2025\/11\/CTA-About-new.png 539w, https:\/\/pimpam-vending.com\/wp-content\/uploads\/2025\/11\/CTA-About-new-300x300.png 300w, https:\/\/pimpam-vending.com\/wp-content\/uploads\/2025\/11\/CTA-About-new-150x150.png 150w\" sizes=\"(max-width: 539px) 100vw, 539px\" \/>\t\t\t\t\t\t\t\t\t\t\t\t\t\t\t<\/div>\n\t\t\t\t<\/div>\n\t\t\t\t\t<\/div>\n\t\t\t\t<\/div>\n\t\t\t\t<\/div>\n\t\t","protected":false},"excerpt":{"rendered":"<p>Pimpam CaseBox Personnalisez. Imprimez. Vendez l\u00e0 o\u00f9 une grande machine ne peut pas tenir. Impact sur les revenus et l&rsquo;exploitation Mon\u00e9tisez les petits espaces&nbsp;: transformez un coin, l&rsquo;entr\u00e9e d&rsquo;un magasin ou un large couloir en un point de vente de coques personnalis\u00e9es. Libre-service sans friction&nbsp;: la machine fonctionne seule pendant que votre \u00e9quipe se concentre [&hellip;]<\/p>\n","protected":false},"author":1,"featured_media":0,"parent":0,"menu_order":0,"comment_status":"closed","ping_status":"closed","template":"elementor_header_footer","meta":{"_eb_attr":"","footnotes":""},"class_list":["post-498","page","type-page","status-publish","hentry"],"_links":{"self":[{"href":"https:\/\/pimpam-vending.com\/fr\/wp-json\/wp\/v2\/pages\/498","targetHints":{"allow":["GET"]}}],"collection":[{"href":"https:\/\/pimpam-vending.com\/fr\/wp-json\/wp\/v2\/pages"}],"about":[{"href":"https:\/\/pimpam-vending.com\/fr\/wp-json\/wp\/v2\/types\/page"}],"author":[{"embeddable":true,"href":"https:\/\/pimpam-vending.com\/fr\/wp-json\/wp\/v2\/users\/1"}],"replies":[{"embeddable":true,"href":"https:\/\/pimpam-vending.com\/fr\/wp-json\/wp\/v2\/comments?post=498"}],"version-history":[{"count":2,"href":"https:\/\/pimpam-vending.com\/fr\/wp-json\/wp\/v2\/pages\/498\/revisions"}],"predecessor-version":[{"id":637,"href":"https:\/\/pimpam-vending.com\/fr\/wp-json\/wp\/v2\/pages\/498\/revisions\/637"}],"wp:attachment":[{"href":"https:\/\/pimpam-vending.com\/fr\/wp-json\/wp\/v2\/media?parent=498"}],"curies":[{"name":"wp","href":"https:\/\/api.w.org\/{rel}","templated":true}]}}