{"id":461,"date":"2025-11-19T12:58:08","date_gmt":"2025-11-19T11:58:08","guid":{"rendered":"https:\/\/pimpam-vending.com\/comment-ca-marche\/"},"modified":"2026-01-30T13:23:32","modified_gmt":"2026-01-30T12:23:32","slug":"comment-ca-marche","status":"publish","type":"page","link":"https:\/\/pimpam-vending.com\/fr\/comment-ca-marche\/","title":{"rendered":"Comment \u00e7a marche&nbsp;?"},"content":{"rendered":"\t\t<div data-elementor-type=\"wp-page\" data-elementor-id=\"461\" class=\"elementor elementor-461 elementor-170\" data-elementor-post-type=\"page\">\n\t\t\t\t<div class=\"elementor-element elementor-element-2d877591 e-flex e-con-boxed e-con e-parent\" data-id=\"2d877591\" data-element_type=\"container\" data-settings=\"{&quot;background_background&quot;:&quot;gradient&quot;,&quot;shape_divider_bottom&quot;:&quot;waves&quot;}\">\n\t\t\t\t\t<div class=\"e-con-inner\">\n\t\t\t\t<div class=\"elementor-shape elementor-shape-bottom\" aria-hidden=\"true\" data-negative=\"false\">\n\t\t\t<svg xmlns=\"http:\/\/www.w3.org\/2000\/svg\" viewBox=\"0 0 1000 100\" preserveAspectRatio=\"none\">\n\t<path class=\"elementor-shape-fill\" d=\"M421.9,6.5c22.6-2.5,51.5,0.4,75.5,5.3c23.6,4.9,70.9,23.5,100.5,35.7c75.8,32.2,133.7,44.5,192.6,49.7\n\tc23.6,2.1,48.7,3.5,103.4-2.5c54.7-6,106.2-25.6,106.2-25.6V0H0v30.3c0,0,72,32.6,158.4,30.5c39.2-0.7,92.8-6.7,134-22.4\n\tc21.2-8.1,52.2-18.2,79.7-24.2C399.3,7.9,411.6,7.5,421.9,6.5z\"\/>\n<\/svg>\t\t<\/div>\n\t\t\t\t<div class=\"elementor-element elementor-element-5041a16 elementor-widget elementor-widget-heading\" data-id=\"5041a16\" data-element_type=\"widget\" data-widget_type=\"heading.default\">\n\t\t\t\t\t<h1 class=\"elementor-heading-title elementor-size-default\">Personnalisez votre coque dans un Pim Pam<\/h1>\t\t\t\t<\/div>\n\t\t\t\t<div class=\"elementor-element elementor-element-3144bb87 elementor-widget elementor-widget-heading\" data-id=\"3144bb87\" data-element_type=\"widget\" data-widget_type=\"heading.default\">\n\t\t\t\t\t<h3 class=\"elementor-heading-title elementor-size-default\">Super facile, depuis votre t\u00e9l\u00e9phone, en quelques \u00e9tapes<\/h3>\t\t\t\t<\/div>\n\t\t\t\t\t<\/div>\n\t\t\t\t<\/div>\n\t\t<div class=\"elementor-element elementor-element-3d3322b e-flex e-con-boxed e-con e-parent\" data-id=\"3d3322b\" data-element_type=\"container\">\n\t\t\t\t\t<div class=\"e-con-inner\">\n\t\t\t\t<div class=\"elementor-element elementor-element-710eb6e elementor-widget elementor-widget-heading\" data-id=\"710eb6e\" data-element_type=\"widget\" data-widget_type=\"heading.default\">\n\t\t\t\t\t<h2 class=\"elementor-heading-title elementor-size-default\">Comment \u00e7a marche&nbsp;?<\/h2>\t\t\t\t<\/div>\n\t\t\t\t\t<\/div>\n\t\t\t\t<\/div>\n\t\t<div class=\"elementor-element elementor-element-592592e e-flex e-con-boxed e-con e-parent\" data-id=\"592592e\" data-element_type=\"container\">\n\t\t\t\t\t<div class=\"e-con-inner\">\n\t\t<div class=\"elementor-element elementor-element-d99fb96 e-con-full e-flex e-con e-child\" data-id=\"d99fb96\" data-element_type=\"container\">\n\t\t\t\t<div class=\"elementor-element elementor-element-adb61f5 elementor-widget elementor-widget-video\" data-id=\"adb61f5\" data-element_type=\"widget\" data-settings=\"{&quot;video_type&quot;:&quot;hosted&quot;,&quot;controls&quot;:&quot;yes&quot;}\" data-widget_type=\"video.default\">\n\t\t\t\t\t\t\t<div class=\"e-hosted-video elementor-wrapper elementor-open-inline\">\n\t\t\t\t\t<video class=\"elementor-video\" src=\"https:\/\/pimpam-vending.com\/wp-content\/uploads\/2025\/11\/howitworks.mp4\" controls=\"\" preload=\"metadata\" controlsList=\"nodownload\"><\/video>\n\t\t\t\t<\/div>\n\t\t\t\t\t\t<\/div>\n\t\t\t\t<\/div>\n\t\t\t\t\t<\/div>\n\t\t\t\t<\/div>\n\t\t<div class=\"elementor-element elementor-element-1460703 e-flex e-con-boxed e-con e-parent\" data-id=\"1460703\" data-element_type=\"container\">\n\t\t\t\t\t<div class=\"e-con-inner\">\n\t\t\t\t<div class=\"elementor-element elementor-element-6420086 elementor-widget elementor-widget-heading\" data-id=\"6420086\" data-element_type=\"widget\" data-widget_type=\"heading.default\">\n\t\t\t\t\t<h2 class=\"elementor-heading-title elementor-size-default\">Votre coque personnalis\u00e9e en 8 \u00e9tapes<\/h2>\t\t\t\t<\/div>\n\t\t\t\t\t<\/div>\n\t\t\t\t<\/div>\n\t\t<div class=\"elementor-element elementor-element-32049a0 e-grid e-con-boxed e-con e-parent\" data-id=\"32049a0\" data-element_type=\"container\">\n\t\t\t\t\t<div class=\"e-con-inner\">\n\t\t<div class=\"elementor-element elementor-element-9dcb308 e-con-full e-flex e-con e-child\" data-id=\"9dcb308\" data-element_type=\"container\">\n\t\t\t\t<div class=\"elementor-element elementor-element-a39374c elementor-widget elementor-widget-heading\" data-id=\"a39374c\" data-element_type=\"widget\" data-widget_type=\"heading.default\">\n\t\t\t\t\t<h3 class=\"elementor-heading-title elementor-size-default\">Scan du code QR<\/h3>\t\t\t\t<\/div>\n\t\t\t\t<div class=\"elementor-element elementor-element-7941715 elementor-widget elementor-widget-image\" data-id=\"7941715\" data-element_type=\"widget\" data-widget_type=\"image.default\">\n\t\t\t\t\t\t\t\t\t\t\t\t\t\t\t<img decoding=\"async\" src=\"https:\/\/pimpam-vending.com\/wp-content\/uploads\/2025\/11\/Imagen-1.png\" title=\"\" alt=\"\" loading=\"lazy\" \/>\t\t\t\t\t\t\t\t\t\t\t\t\t\t\t<\/div>\n\t\t\t\t<\/div>\n\t\t<div class=\"elementor-element elementor-element-79ddbce e-con-full e-flex e-con e-child\" data-id=\"79ddbce\" data-element_type=\"container\">\n\t\t\t\t<div class=\"elementor-element elementor-element-9237206 elementor-widget elementor-widget-heading\" data-id=\"9237206\" data-element_type=\"widget\" data-widget_type=\"heading.default\">\n\t\t\t\t\t<h3 class=\"elementor-heading-title elementor-size-default\">S\u00e9lection du mod\u00e8le de t\u00e9l\u00e9phone<\/h3>\t\t\t\t<\/div>\n\t\t\t\t<div class=\"elementor-element elementor-element-a37f949 elementor-widget elementor-widget-image\" data-id=\"a37f949\" data-element_type=\"widget\" data-widget_type=\"image.default\">\n\t\t\t\t\t\t\t\t\t\t\t\t\t\t\t<img fetchpriority=\"high\" decoding=\"async\" width=\"491\" height=\"328\" src=\"https:\/\/pimpam-vending.com\/wp-content\/uploads\/2025\/11\/Imagen-2.png\" class=\"attachment-large size-large wp-image-463\" alt=\"\" srcset=\"https:\/\/pimpam-vending.com\/wp-content\/uploads\/2025\/11\/Imagen-2.png 491w, https:\/\/pimpam-vending.com\/wp-content\/uploads\/2025\/11\/Imagen-2-300x200.png 300w\" sizes=\"(max-width: 491px) 100vw, 491px\" \/>\t\t\t\t\t\t\t\t\t\t\t\t\t\t\t<\/div>\n\t\t\t\t<\/div>\n\t\t<div class=\"elementor-element elementor-element-aa557bc e-con-full e-flex e-con e-child\" data-id=\"aa557bc\" data-element_type=\"container\">\n\t\t\t\t<div class=\"elementor-element elementor-element-1eeb13a elementor-widget elementor-widget-heading\" data-id=\"1eeb13a\" data-element_type=\"widget\" data-widget_type=\"heading.default\">\n\t\t\t\t\t<h3 class=\"elementor-heading-title elementor-size-default\">T\u00e9l\u00e9chargement de la photo ou de l\u2019image<\/h3>\t\t\t\t<\/div>\n\t\t\t\t<div class=\"elementor-element elementor-element-b3adbd4 elementor-widget elementor-widget-image\" data-id=\"b3adbd4\" data-element_type=\"widget\" data-widget_type=\"image.default\">\n\t\t\t\t\t\t\t\t\t\t\t\t\t\t\t<img decoding=\"async\" width=\"553\" height=\"376\" src=\"https:\/\/pimpam-vending.com\/wp-content\/uploads\/2025\/11\/Imagen-3.png\" class=\"attachment-large size-large wp-image-470\" alt=\"\" srcset=\"https:\/\/pimpam-vending.com\/wp-content\/uploads\/2025\/11\/Imagen-3.png 553w, https:\/\/pimpam-vending.com\/wp-content\/uploads\/2025\/11\/Imagen-3-300x204.png 300w\" sizes=\"(max-width: 553px) 100vw, 553px\" \/>\t\t\t\t\t\t\t\t\t\t\t\t\t\t\t<\/div>\n\t\t\t\t<\/div>\n\t\t<div class=\"elementor-element elementor-element-f2151e5 e-con-full e-flex e-con e-child\" data-id=\"f2151e5\" data-element_type=\"container\">\n\t\t\t\t<div class=\"elementor-element elementor-element-b1bc70f elementor-widget elementor-widget-heading\" data-id=\"b1bc70f\" data-element_type=\"widget\" data-widget_type=\"heading.default\">\n\t\t\t\t\t<h3 class=\"elementor-heading-title elementor-size-default\">Personnalisation du design<\/h3>\t\t\t\t<\/div>\n\t\t\t\t<div class=\"elementor-element elementor-element-8a39e19 elementor-widget elementor-widget-image\" data-id=\"8a39e19\" data-element_type=\"widget\" data-widget_type=\"image.default\">\n\t\t\t\t\t\t\t\t\t\t\t\t\t\t\t<img decoding=\"async\" width=\"514\" height=\"396\" src=\"https:\/\/pimpam-vending.com\/wp-content\/uploads\/2025\/11\/Imagen-4.png\" class=\"attachment-large size-large wp-image-469\" alt=\"\" srcset=\"https:\/\/pimpam-vending.com\/wp-content\/uploads\/2025\/11\/Imagen-4.png 514w, https:\/\/pimpam-vending.com\/wp-content\/uploads\/2025\/11\/Imagen-4-300x231.png 300w\" sizes=\"(max-width: 514px) 100vw, 514px\" \/>\t\t\t\t\t\t\t\t\t\t\t\t\t\t\t<\/div>\n\t\t\t\t<\/div>\n\t\t<div class=\"elementor-element elementor-element-5373b15 e-con-full e-flex e-con e-child\" data-id=\"5373b15\" data-element_type=\"container\">\n\t\t\t\t<div class=\"elementor-element elementor-element-a5d8f87 elementor-widget elementor-widget-heading\" data-id=\"a5d8f87\" data-element_type=\"widget\" data-widget_type=\"heading.default\">\n\t\t\t\t\t<h3 class=\"elementor-heading-title elementor-size-default\">Confirmation de la commande et paiement<\/h3>\t\t\t\t<\/div>\n\t\t\t\t<div class=\"elementor-element elementor-element-c6e52a6 elementor-widget elementor-widget-image\" data-id=\"c6e52a6\" data-element_type=\"widget\" data-widget_type=\"image.default\">\n\t\t\t\t\t\t\t\t\t\t\t\t\t\t\t<img loading=\"lazy\" decoding=\"async\" width=\"591\" height=\"488\" src=\"https:\/\/pimpam-vending.com\/wp-content\/uploads\/2025\/11\/Imagen-5.png\" class=\"attachment-large size-large wp-image-468\" alt=\"\" srcset=\"https:\/\/pimpam-vending.com\/wp-content\/uploads\/2025\/11\/Imagen-5.png 591w, https:\/\/pimpam-vending.com\/wp-content\/uploads\/2025\/11\/Imagen-5-300x248.png 300w\" sizes=\"(max-width: 591px) 100vw, 591px\" \/>\t\t\t\t\t\t\t\t\t\t\t\t\t\t\t<\/div>\n\t\t\t\t<\/div>\n\t\t<div class=\"elementor-element elementor-element-6d9f248 e-con-full e-flex e-con e-child\" data-id=\"6d9f248\" data-element_type=\"container\">\n\t\t\t\t<div class=\"elementor-element elementor-element-123af93 elementor-widget elementor-widget-heading\" data-id=\"123af93\" data-element_type=\"widget\" data-widget_type=\"heading.default\">\n\t\t\t\t\t<h3 class=\"elementor-heading-title elementor-size-default\">Placement automatique de la coque<\/h3>\t\t\t\t<\/div>\n\t\t\t\t<div class=\"elementor-element elementor-element-d398f35 elementor-widget elementor-widget-image\" data-id=\"d398f35\" data-element_type=\"widget\" data-widget_type=\"image.default\">\n\t\t\t\t\t\t\t\t\t\t\t\t\t\t\t<img loading=\"lazy\" decoding=\"async\" width=\"648\" height=\"561\" src=\"https:\/\/pimpam-vending.com\/wp-content\/uploads\/2025\/11\/Imagen-6.png\" class=\"attachment-large size-large wp-image-467\" alt=\"\" srcset=\"https:\/\/pimpam-vending.com\/wp-content\/uploads\/2025\/11\/Imagen-6.png 648w, https:\/\/pimpam-vending.com\/wp-content\/uploads\/2025\/11\/Imagen-6-300x260.png 300w\" sizes=\"(max-width: 648px) 100vw, 648px\" \/>\t\t\t\t\t\t\t\t\t\t\t\t\t\t\t<\/div>\n\t\t\t\t<\/div>\n\t\t<div class=\"elementor-element elementor-element-385dba5 e-con-full e-flex e-con e-child\" data-id=\"385dba5\" data-element_type=\"container\">\n\t\t\t\t<div class=\"elementor-element elementor-element-4e91957 elementor-widget elementor-widget-heading\" data-id=\"4e91957\" data-element_type=\"widget\" data-widget_type=\"heading.default\">\n\t\t\t\t\t<h3 class=\"elementor-heading-title elementor-size-default\">Impression UV de la coque<\/h3>\t\t\t\t<\/div>\n\t\t\t\t<div class=\"elementor-element elementor-element-00b66ae elementor-widget elementor-widget-image\" data-id=\"00b66ae\" data-element_type=\"widget\" data-widget_type=\"image.default\">\n\t\t\t\t\t\t\t\t\t\t\t\t\t\t\t<img loading=\"lazy\" decoding=\"async\" width=\"515\" height=\"387\" src=\"https:\/\/pimpam-vending.com\/wp-content\/uploads\/2025\/11\/Imagen-7.png\" class=\"attachment-large size-large wp-image-466\" alt=\"\" srcset=\"https:\/\/pimpam-vending.com\/wp-content\/uploads\/2025\/11\/Imagen-7.png 515w, https:\/\/pimpam-vending.com\/wp-content\/uploads\/2025\/11\/Imagen-7-300x225.png 300w\" sizes=\"(max-width: 515px) 100vw, 515px\" \/>\t\t\t\t\t\t\t\t\t\t\t\t\t\t\t<\/div>\n\t\t\t\t<\/div>\n\t\t<div class=\"elementor-element elementor-element-eaba592 e-con-full e-flex e-con e-child\" data-id=\"eaba592\" data-element_type=\"container\">\n\t\t\t\t<div class=\"elementor-element elementor-element-06ccd77 elementor-widget elementor-widget-heading\" data-id=\"06ccd77\" data-element_type=\"widget\" data-widget_type=\"heading.default\">\n\t\t\t\t\t<h3 class=\"elementor-heading-title elementor-size-default\">Finalisation du processus et retrait<\/h3>\t\t\t\t<\/div>\n\t\t\t\t<div class=\"elementor-element elementor-element-85ea46d elementor-widget elementor-widget-image\" data-id=\"85ea46d\" data-element_type=\"widget\" data-widget_type=\"image.default\">\n\t\t\t\t\t\t\t\t\t\t\t\t\t\t\t<img loading=\"lazy\" decoding=\"async\" width=\"539\" height=\"424\" src=\"https:\/\/pimpam-vending.com\/wp-content\/uploads\/2025\/11\/Imagen-9.png\" class=\"attachment-large size-large wp-image-464\" alt=\"\" srcset=\"https:\/\/pimpam-vending.com\/wp-content\/uploads\/2025\/11\/Imagen-9.png 539w, https:\/\/pimpam-vending.com\/wp-content\/uploads\/2025\/11\/Imagen-9-300x236.png 300w\" sizes=\"(max-width: 539px) 100vw, 539px\" \/>\t\t\t\t\t\t\t\t\t\t\t\t\t\t\t<\/div>\n\t\t\t\t<\/div>\n\t\t<div class=\"elementor-element elementor-element-ee4095a e-con-full e-flex e-con e-child\" data-id=\"ee4095a\" data-element_type=\"container\">\n\t\t\t\t<div class=\"elementor-element elementor-element-71beada elementor-widget elementor-widget-image\" data-id=\"71beada\" data-element_type=\"widget\" data-widget_type=\"image.default\">\n\t\t\t\t\t\t\t\t\t\t\t\t\t\t\t<img loading=\"lazy\" decoding=\"async\" width=\"750\" height=\"750\" src=\"https:\/\/pimpam-vending.com\/wp-content\/uploads\/2025\/11\/ai-vending-03.jpg\" class=\"attachment-large size-large wp-image-425\" alt=\"\" srcset=\"https:\/\/pimpam-vending.com\/wp-content\/uploads\/2025\/11\/ai-vending-03.jpg 750w, https:\/\/pimpam-vending.com\/wp-content\/uploads\/2025\/11\/ai-vending-03-300x300.jpg 300w, https:\/\/pimpam-vending.com\/wp-content\/uploads\/2025\/11\/ai-vending-03-150x150.jpg 150w\" sizes=\"(max-width: 750px) 100vw, 750px\" \/>\t\t\t\t\t\t\t\t\t\t\t\t\t\t\t<\/div>\n\t\t\t\t<\/div>\n\t\t\t\t\t<\/div>\n\t\t\t\t<\/div>\n\t\t<div class=\"elementor-element elementor-element-bebd914 e-flex e-con-boxed e-con e-parent\" data-id=\"bebd914\" data-element_type=\"container\">\n\t\t\t\t\t<div class=\"e-con-inner\">\n\t\t\t\t<div class=\"elementor-element elementor-element-d9d3573 elementor-widget elementor-widget-spacer\" data-id=\"d9d3573\" data-element_type=\"widget\" data-widget_type=\"spacer.default\">\n\t\t\t\t\t\t\t<div class=\"elementor-spacer\">\n\t\t\t<div class=\"elementor-spacer-inner\"><\/div>\n\t\t<\/div>\n\t\t\t\t\t\t<\/div>\n\t\t\t\t\t<\/div>\n\t\t\t\t<\/div>\n\t\t<div class=\"elementor-element elementor-element-72c2b69c e-flex e-con-boxed e-con e-parent\" data-id=\"72c2b69c\" data-element_type=\"container\" data-settings=\"{&quot;background_background&quot;:&quot;gradient&quot;,&quot;shape_divider_top&quot;:&quot;waves&quot;}\">\n\t\t\t\t\t<div class=\"e-con-inner\">\n\t\t\t\t<div class=\"elementor-shape elementor-shape-top\" aria-hidden=\"true\" data-negative=\"false\">\n\t\t\t<svg xmlns=\"http:\/\/www.w3.org\/2000\/svg\" viewBox=\"0 0 1000 100\" preserveAspectRatio=\"none\">\n\t<path class=\"elementor-shape-fill\" d=\"M421.9,6.5c22.6-2.5,51.5,0.4,75.5,5.3c23.6,4.9,70.9,23.5,100.5,35.7c75.8,32.2,133.7,44.5,192.6,49.7\n\tc23.6,2.1,48.7,3.5,103.4-2.5c54.7-6,106.2-25.6,106.2-25.6V0H0v30.3c0,0,72,32.6,158.4,30.5c39.2-0.7,92.8-6.7,134-22.4\n\tc21.2-8.1,52.2-18.2,79.7-24.2C399.3,7.9,411.6,7.5,421.9,6.5z\"\/>\n<\/svg>\t\t<\/div>\n\t\t<div class=\"elementor-element elementor-element-2c8874b4 e-con-full e-flex e-con e-child\" data-id=\"2c8874b4\" data-element_type=\"container\">\n\t\t\t\t<div class=\"elementor-element elementor-element-259c6096 elementor-widget elementor-widget-cta\" data-id=\"259c6096\" data-element_type=\"widget\" data-settings=\"{&quot;primary_button_shape&quot;:&quot;round&quot;,&quot;layout_preset&quot;:&quot;focus&quot;,&quot;cta_vertical_position&quot;:&quot;start&quot;,&quot;box_shape&quot;:&quot;sharp&quot;}\" data-widget_type=\"cta.default\">\n\t\t\t\t<div class=\"elementor-widget-container\">\n\t\t\t\t\t\t\t<div class=\"has-shape-sharp shape-type-box ehp-cta has-preset-focus\">\n\t\t\t<div class=\"ehp-cta__overlay\"><\/div>\n\t\t\t<div class=\"ehp-cta__elements-container\">\n\t\t\t\t\t\t<div class=\"ehp-cta__text-container\">\n\t\t\t<h2 class=\"ehp-cta__heading\">Vous souhaitez d\u00e9j\u00e0 proposer le service dans votre espace ?<\/h2><p class=\"ehp-cta__description\">Demandez-nous plus d'informations<\/p>\t\t<\/div>\n\t\t\t\t\t<div class=\"ehp-cta__ctas-container\">\n\t\t\t\t<div class=\"ehp-cta__buttons-wrapper\">\n\t\t\t\t\t\t\t<a class=\"has-shape-round shape-type-button ehp-button ehp-button--primary ehp-cta__button ehp-cta__button--primary is-type-button\" href=\"https:\/\/pimpam-vending.com\/contact\/\">\n\t\t\t<svg aria-hidden=\"true\" class=\"ehp-button__icon e-font-icon-svg e-fas-arrow-right\" 0=\"ehp-cta__button-icon\" viewBox=\"0 0 448 512\" xmlns=\"http:\/\/www.w3.org\/2000\/svg\"><path d=\"M190.5 66.9l22.2-22.2c9.4-9.4 24.6-9.4 33.9 0L441 239c9.4 9.4 9.4 24.6 0 33.9L246.6 467.3c-9.4 9.4-24.6 9.4-33.9 0l-22.2-22.2c-9.5-9.5-9.3-25 .4-34.3L311.4 296H24c-13.3 0-24-10.7-24-24v-32c0-13.3 10.7-24 24-24h287.4L190.9 101.2c-9.8-9.3-10-24.8-.4-34.3z\"><\/path><\/svg>\t\t<span class=\"ehp-button__text ehp-cta__button-text ehp-cta__button-text--primary\">\n\t\t\tContactez-nous\t\t\t\t<\/a>\n\t\t\t\t\t\t\t\t\t\t\t<\/div>\n\t\t\t<\/div>\n\t\t\t\t\t<\/div>\n\t\t<\/div>\n\t\t\t\t\t\t<\/div>\n\t\t\t\t<\/div>\n\t\t\t\t<\/div>\n\t\t<div class=\"elementor-element elementor-element-2c1b48fa e-con-full e-flex e-con e-child\" data-id=\"2c1b48fa\" data-element_type=\"container\">\n\t\t\t\t<div class=\"elementor-element elementor-element-2c95c29f elementor-widget elementor-widget-image\" data-id=\"2c95c29f\" data-element_type=\"widget\" data-widget_type=\"image.default\">\n\t\t\t\t\t\t\t\t\t\t\t\t\t\t\t<img loading=\"lazy\" decoding=\"async\" width=\"750\" height=\"652\" src=\"https:\/\/pimpam-vending.com\/wp-content\/uploads\/2025\/11\/funmetro.jpg\" class=\"attachment-full size-full wp-image-439\" alt=\"\" srcset=\"https:\/\/pimpam-vending.com\/wp-content\/uploads\/2025\/11\/funmetro.jpg 750w, https:\/\/pimpam-vending.com\/wp-content\/uploads\/2025\/11\/funmetro-300x261.jpg 300w\" sizes=\"(max-width: 750px) 100vw, 750px\" \/>\t\t\t\t\t\t\t\t\t\t\t\t\t\t\t<\/div>\n\t\t\t\t<\/div>\n\t\t\t\t\t<\/div>\n\t\t\t\t<\/div>\n\t\t\t\t<\/div>\n\t\t","protected":false},"excerpt":{"rendered":"<p>Personnalisez votre coque dans un Pim Pam Super facile, depuis votre t\u00e9l\u00e9phone, en quelques \u00e9tapes Comment \u00e7a marche&nbsp;? https:\/\/pimpam-vending.com\/wp-content\/uploads\/2025\/11\/howitworks.mp4 Votre coque personnalis\u00e9e en 8 \u00e9tapes Scan du code QR S\u00e9lection du mod\u00e8le de t\u00e9l\u00e9phone T\u00e9l\u00e9chargement de la photo ou de l\u2019image Personnalisation du design Confirmation de la commande et paiement Placement automatique de la coque [&hellip;]<\/p>\n","protected":false},"author":1,"featured_media":0,"parent":0,"menu_order":0,"comment_status":"closed","ping_status":"closed","template":"elementor_header_footer","meta":{"_eb_attr":"","footnotes":""},"class_list":["post-461","page","type-page","status-publish","hentry"],"_links":{"self":[{"href":"https:\/\/pimpam-vending.com\/fr\/wp-json\/wp\/v2\/pages\/461","targetHints":{"allow":["GET"]}}],"collection":[{"href":"https:\/\/pimpam-vending.com\/fr\/wp-json\/wp\/v2\/pages"}],"about":[{"href":"https:\/\/pimpam-vending.com\/fr\/wp-json\/wp\/v2\/types\/page"}],"author":[{"embeddable":true,"href":"https:\/\/pimpam-vending.com\/fr\/wp-json\/wp\/v2\/users\/1"}],"replies":[{"embeddable":true,"href":"https:\/\/pimpam-vending.com\/fr\/wp-json\/wp\/v2\/comments?post=461"}],"version-history":[{"count":1,"href":"https:\/\/pimpam-vending.com\/fr\/wp-json\/wp\/v2\/pages\/461\/revisions"}],"predecessor-version":[{"id":476,"href":"https:\/\/pimpam-vending.com\/fr\/wp-json\/wp\/v2\/pages\/461\/revisions\/476"}],"wp:attachment":[{"href":"https:\/\/pimpam-vending.com\/fr\/wp-json\/wp\/v2\/media?parent=461"}],"curies":[{"name":"wp","href":"https:\/\/api.w.org\/{rel}","templated":true}]}}