{"id":381,"date":"2026-01-23T15:11:12","date_gmt":"2026-01-23T14:11:12","guid":{"rendered":"https:\/\/pimpam-vending.com\/machines-a-votre-marque\/"},"modified":"2026-01-30T13:21:57","modified_gmt":"2026-01-30T12:21:57","slug":"machines-a-votre-marque","status":"publish","type":"page","link":"https:\/\/pimpam-vending.com\/fr\/machines-a-votre-marque\/","title":{"rendered":"Machines \u00e0 votre marque"},"content":{"rendered":"\t\t<div data-elementor-type=\"wp-page\" data-elementor-id=\"381\" class=\"elementor elementor-381 elementor-297\" data-elementor-post-type=\"page\">\n\t\t\t\t<div class=\"elementor-element elementor-element-2d877591 e-flex e-con-boxed e-con e-parent\" data-id=\"2d877591\" data-element_type=\"container\" data-settings=\"{&quot;background_background&quot;:&quot;gradient&quot;,&quot;shape_divider_bottom&quot;:&quot;waves&quot;}\">\n\t\t\t\t\t<div class=\"e-con-inner\">\n\t\t\t\t<div class=\"elementor-shape elementor-shape-bottom\" aria-hidden=\"true\" data-negative=\"false\">\n\t\t\t<svg xmlns=\"http:\/\/www.w3.org\/2000\/svg\" viewBox=\"0 0 1000 100\" preserveAspectRatio=\"none\">\n\t<path class=\"elementor-shape-fill\" d=\"M421.9,6.5c22.6-2.5,51.5,0.4,75.5,5.3c23.6,4.9,70.9,23.5,100.5,35.7c75.8,32.2,133.7,44.5,192.6,49.7\n\tc23.6,2.1,48.7,3.5,103.4-2.5c54.7-6,106.2-25.6,106.2-25.6V0H0v30.3c0,0,72,32.6,158.4,30.5c39.2-0.7,92.8-6.7,134-22.4\n\tc21.2-8.1,52.2-18.2,79.7-24.2C399.3,7.9,411.6,7.5,421.9,6.5z\"\/>\n<\/svg>\t\t<\/div>\n\t\t\t\t<div class=\"elementor-element elementor-element-5041a16 elementor-widget elementor-widget-heading\" data-id=\"5041a16\" data-element_type=\"widget\" data-widget_type=\"heading.default\">\n\t\t\t\t\t<h1 class=\"elementor-heading-title elementor-size-default\">Votre machine, votre image de marque<\/h1>\t\t\t\t<\/div>\n\t\t\t\t\t<\/div>\n\t\t\t\t<\/div>\n\t\t<div class=\"elementor-element elementor-element-3d3322b e-flex e-con-boxed e-con e-parent\" data-id=\"3d3322b\" data-element_type=\"container\">\n\t\t\t\t\t<div class=\"e-con-inner\">\n\t\t\t\t<div class=\"elementor-element elementor-element-710eb6e elementor-widget elementor-widget-heading\" data-id=\"710eb6e\" data-element_type=\"widget\" data-widget_type=\"heading.default\">\n\t\t\t\t\t<h2 class=\"elementor-heading-title elementor-size-default\">Personnalisation et image de marque de vos machines Pimpam<\/h2>\t\t\t\t<\/div>\n\t\t<div class=\"elementor-element elementor-element-3758254 e-grid e-con-full e-con e-child\" data-id=\"3758254\" data-element_type=\"container\">\n\t\t<div class=\"elementor-element elementor-element-3fab0e1 e-con-full e-flex e-con e-child\" data-id=\"3fab0e1\" data-element_type=\"container\">\n\t\t\t\t<div class=\"elementor-element elementor-element-38ba69e elementor-widget elementor-widget-text-editor\" data-id=\"38ba69e\" data-element_type=\"widget\" data-widget_type=\"text-editor.default\">\n\t\t\t\t\t\t\t\t\t<h3 data-start=\"58\" data-end=\"87\">Votre marque au premier plan<\/h3><p data-start=\"89\" data-end=\"392\">La machine n&rsquo;est pas seulement un point de vente : c&rsquo;est un <strong data-start=\"136\" data-end=\"156\">module de retail<\/strong> et un <strong data-start=\"162\" data-end=\"180\">mupi iluminado<\/strong> au service de votre marque, actif 24 heures sur 24. Chaque face de la machine travaille pour vous, attirant l&rsquo;attention depuis diff\u00e9rents angles du couloir et se transformant en un support publicitaire fixe au sein du centre. <\/p><ul data-start=\"394\" data-end=\"1125\"><li data-start=\"394\" data-end=\"566\"><p data-start=\"396\" data-end=\"566\"><strong data-start=\"396\" data-end=\"431\">Logo et couleurs corporatives<\/strong> appliqu\u00e9s sur l&rsquo;ensemble de l&rsquo;enveloppe, pour que la machine soit reconnue au premier coup d&rsquo;\u0153il comme \u00ab la v\u00f4tre \u00bb, m\u00eame \u00e0 plusieurs m\u00e8tres de distance.<\/p><\/li><li data-start=\"567\" data-end=\"753\"><p data-start=\"569\" data-end=\"753\"><strong data-start=\"569\" data-end=\"599\">Messages clairs et directs<\/strong> qui expliquent ce que fait la machine, pourquoi elle est diff\u00e9rente et quel avantage le client en retire (\u00ab cr\u00e9ez votre coque sur le moment \u00bb, \u00ab emportez-la en 5 minutes \u00bb, etc.).<\/p><\/li><li data-start=\"754\" data-end=\"939\"><p data-start=\"756\" data-end=\"939\"><strong data-start=\"756\" data-end=\"823\">Zones r\u00e9serv\u00e9es pour les campagnes, les parrainages et les promos temporaires<\/strong>, o\u00f9 vous pouvez mettre en avant les r\u00e9ductions, les lancements de produits, les \u00e9v\u00e9nements sp\u00e9ciaux ou les accords avec des marques collaboratrices.<\/p><\/li><li data-start=\"940\" data-end=\"1125\"><p data-start=\"942\" data-end=\"1125\">Possibilit\u00e9 d&rsquo;int\u00e9grer des <strong data-start=\"966\" data-end=\"1009\">cr\u00e9ations sp\u00e9cifiques par saison<\/strong> (\u00e9t\u00e9, No\u00ebl, rentr\u00e9e des classes, festivals\u2026) sans changer l&rsquo;ensemble du design, mais en renouvelant seulement quelques modules graphiques.<\/p><\/li><\/ul><p data-start=\"1127\" data-end=\"1347\">C&rsquo;est l&rsquo;option id\u00e9ale pour les <strong data-start=\"1151\" data-end=\"1203\">d\u00e9taillants, les marques, les \u00e9v\u00e9nements et les centres commerciaux<\/strong> qui veulent plus qu&rsquo;une \u00ab autre machine \u00bb : un \u00e9l\u00e9ment de visibilit\u00e9 qui renforce la marque, dynamise l&rsquo;espace et g\u00e9n\u00e8re des ventes en m\u00eame temps.<\/p>\t\t\t\t\t\t\t\t<\/div>\n\t\t\t\t<\/div>\n\t\t<div class=\"elementor-element elementor-element-7ef4bf6 e-con-full e-flex e-con e-child\" data-id=\"7ef4bf6\" data-element_type=\"container\">\n\t\t\t\t<div class=\"elementor-element elementor-element-8265e3b elementor-widget elementor-widget-image\" data-id=\"8265e3b\" data-element_type=\"widget\" data-widget_type=\"image.default\">\n\t\t\t\t\t\t\t\t\t\t\t\t\t\t\t<img fetchpriority=\"high\" decoding=\"async\" width=\"800\" height=\"939\" src=\"https:\/\/pimpam-vending.com\/wp-content\/uploads\/2026\/01\/pimpam-centro-872x1024.png\" class=\"attachment-large size-large wp-image-388\" alt=\"\" srcset=\"https:\/\/pimpam-vending.com\/wp-content\/uploads\/2026\/01\/pimpam-centro-872x1024.png 872w, https:\/\/pimpam-vending.com\/wp-content\/uploads\/2026\/01\/pimpam-centro-255x300.png 255w, https:\/\/pimpam-vending.com\/wp-content\/uploads\/2026\/01\/pimpam-centro-768x902.png 768w, https:\/\/pimpam-vending.com\/wp-content\/uploads\/2026\/01\/pimpam-centro.png 1024w\" sizes=\"(max-width: 800px) 100vw, 800px\" \/>\t\t\t\t\t\t\t\t\t\t\t\t\t\t\t<\/div>\n\t\t\t\t<\/div>\n\t\t\t\t<\/div>\n\t\t<div class=\"elementor-element elementor-element-fab9ca0 e-grid e-con-full e-con e-child\" data-id=\"fab9ca0\" data-element_type=\"container\">\n\t\t\t\t<div class=\"elementor-element elementor-element-f92c4a6 elementor-widget elementor-widget-image\" data-id=\"f92c4a6\" data-element_type=\"widget\" data-widget_type=\"image.default\">\n\t\t\t\t\t\t\t\t\t\t\t\t\t\t\t<img decoding=\"async\" width=\"800\" height=\"668\" src=\"https:\/\/pimpam-vending.com\/wp-content\/uploads\/2026\/01\/brandyourvending-1024x855.png\" class=\"attachment-large size-large wp-image-386\" alt=\"\" srcset=\"https:\/\/pimpam-vending.com\/wp-content\/uploads\/2026\/01\/brandyourvending-1024x855.png 1024w, https:\/\/pimpam-vending.com\/wp-content\/uploads\/2026\/01\/brandyourvending-300x250.png 300w, https:\/\/pimpam-vending.com\/wp-content\/uploads\/2026\/01\/brandyourvending-768x641.png 768w, https:\/\/pimpam-vending.com\/wp-content\/uploads\/2026\/01\/brandyourvending.png 1227w\" sizes=\"(max-width: 800px) 100vw, 800px\" \/>\t\t\t\t\t\t\t\t\t\t\t\t\t\t\t<\/div>\n\t\t\t\t<div class=\"elementor-element elementor-element-44b0113 elementor-widget elementor-widget-text-editor\" data-id=\"44b0113\" data-element_type=\"widget\" data-widget_type=\"text-editor.default\">\n\t\t\t\t\t\t\t\t\t<h2 data-start=\"823\" data-end=\"850\">Ce que nous pouvons personnaliser<\/h2><h3 data-start=\"852\" data-end=\"890\">1. Ext\u00e9rieur complet de la machine<\/h3><ul data-start=\"892\" data-end=\"1199\"><li data-start=\"892\" data-end=\"997\"><p data-start=\"894\" data-end=\"997\">Design int\u00e9gral des <strong data-start=\"913\" data-end=\"937\">vinyles et lettrages<\/strong> : faces avant, lat\u00e9rales, partie sup\u00e9rieure et zone de retrait.<\/p><\/li><li data-start=\"998\" data-end=\"1088\"><p data-start=\"1000\" data-end=\"1088\">Adaptation \u00e0 votre <strong data-start=\"1016\" data-end=\"1035\">manuel de marque<\/strong> (typographies, palette de couleurs, styles d&rsquo;image).<\/p><\/li><li data-start=\"1089\" data-end=\"1199\"><p data-start=\"1091\" data-end=\"1199\">Int\u00e9gration de <strong data-start=\"1106\" data-end=\"1116\">claims<\/strong> et de messages sp\u00e9cifiques : campagnes saisonni\u00e8res, lancements, promotions 2&#215;1, etc.<\/p><\/li><\/ul><h3 data-start=\"1201\" data-end=\"1241\">2. Contenus de l&rsquo;\u00e9cran et de l&rsquo;interface<\/h3><ul data-start=\"1243\" data-end=\"1443\"><li data-start=\"1243\" data-end=\"1313\"><p data-start=\"1245\" data-end=\"1313\">\u00c9crans de d\u00e9marrage et d&rsquo;attente avec des <strong data-start=\"1281\" data-end=\"1310\">cr\u00e9ations de votre marque<\/strong>.<\/p><\/li><li data-start=\"1314\" data-end=\"1380\"><p data-start=\"1316\" data-end=\"1380\">Messages d&rsquo;instructions adapt\u00e9s \u00e0 votre ton de communication.<\/p><\/li><li data-start=\"1381\" data-end=\"1443\"><p data-start=\"1383\" data-end=\"1443\">Langues et devises configur\u00e9es selon le pays ou le type de public.<\/p><\/li><\/ul><h3 data-start=\"1445\" data-end=\"1481\">3. Catalogue de designs de coques<\/h3><ul data-start=\"1483\" data-end=\"1716\"><li data-start=\"1483\" data-end=\"1562\"><p data-start=\"1485\" data-end=\"1562\">Collections exclusives avec votre marque, \u00e9v\u00e9nement, club, universit\u00e9 ou personnage.<\/p><\/li><li data-start=\"1563\" data-end=\"1643\"><p data-start=\"1565\" data-end=\"1643\">Packs th\u00e9matiques (\u00e9t\u00e9, No\u00ebl, soldes, concerts, \u00e9quipes sportives\u2026).<\/p><\/li><li data-start=\"1644\" data-end=\"1716\"><p data-start=\"1646\" data-end=\"1716\">Possibilit\u00e9 de combiner des designs \u00ab libres \u00bb avec des designs 100 % de votre marque.<\/p><\/li><\/ul>\t\t\t\t\t\t\t\t<\/div>\n\t\t\t\t<\/div>\n\t\t<div class=\"elementor-element elementor-element-7fe975f e-grid e-con-full e-con e-child\" data-id=\"7fe975f\" data-element_type=\"container\">\n\t\t\t\t<div class=\"elementor-element elementor-element-8e6d9ff elementor-widget elementor-widget-text-editor\" data-id=\"8e6d9ff\" data-element_type=\"widget\" data-widget_type=\"text-editor.default\">\n\t\t\t\t\t\t\t\t\t<h2 data-start=\"1723\" data-end=\"1772\">Image de marque pour les marques, les centres et les sponsors<\/h2><p data-start=\"1774\" data-end=\"1797\">La machine peut \u00eatre :<\/p><ul data-start=\"1799\" data-end=\"2121\"><li data-start=\"1799\" data-end=\"1875\"><p data-start=\"1801\" data-end=\"1875\"><strong data-start=\"1801\" data-end=\"1832\">Brand\u00e9e uniquement avec votre marque<\/strong>, comme s&rsquo;il s&rsquo;agissait d&rsquo;un point de vente propre.<\/p><\/li><li data-start=\"1876\" data-end=\"1958\"><p data-start=\"1878\" data-end=\"1958\"><strong data-start=\"1878\" data-end=\"1894\">Co-brand\u00e9e<\/strong> avec le logo du centre commercial, du festival, de l&rsquo;universit\u00e9, etc.<\/p><\/li><li data-start=\"1959\" data-end=\"2121\"><p data-start=\"1961\" data-end=\"2121\"><strong data-start=\"1961\" data-end=\"1976\">Sponsoris\u00e9e<\/strong> : espace premium pour les annonceurs qui souhaitent s&rsquo;associer \u00e0 l&rsquo;exp\u00e9rience (par exemple, un op\u00e9rateur, une marque de boissons rafra\u00eechissantes ou une marque locale).<\/p><\/li><\/ul><p data-start=\"2123\" data-end=\"2231\">Cela vous permet de mon\u00e9tiser la machine non seulement par les ventes, mais aussi par l&rsquo;<strong data-start=\"2203\" data-end=\"2230\">exposition publicitaire<\/strong>.<\/p><h2 data-start=\"2238\" data-end=\"2272\">Processus de conception de votre machine<\/h2><ol data-start=\"2274\" data-end=\"2697\"><li data-start=\"2274\" data-end=\"2366\"><p data-start=\"2277\" data-end=\"2366\"><strong data-start=\"2277\" data-end=\"2296\">Briefing rapide<\/strong> : nous recueillons votre logo, votre manuel de marque, vos objectifs et le type d&#8217;emplacement.<\/p><\/li><li data-start=\"2367\" data-end=\"2479\"><p data-start=\"2370\" data-end=\"2479\"><strong data-start=\"2370\" data-end=\"2393\">Proposition de design<\/strong> : nous vous pr\u00e9sentons une maquette comme celle de l&rsquo;image, avec tous les plans de la machine.<\/p><\/li><li data-start=\"2480\" data-end=\"2562\"><p data-start=\"2483\" data-end=\"2562\"><strong data-start=\"2483\" data-end=\"2497\">R\u00e9visions<\/strong> : nous ajustons les messages, les couleurs et les claims jusqu&rsquo;\u00e0 ce que ce soit parfait.<\/p><\/li><li data-start=\"2563\" data-end=\"2697\"><p data-start=\"2566\" data-end=\"2697\"><strong data-start=\"2566\" data-end=\"2594\">Production et installation<\/strong> : nous imprimons des vinyles de haute qualit\u00e9, nous les appliquons et nous laissons la machine pr\u00eate \u00e0 vendre et \u00e0 communiquer.<\/p><\/li><\/ol><h2 data-start=\"2704\" data-end=\"2747\">Pr\u00eates \u00e0 se d\u00e9marquer d\u00e8s le premier jour<\/h2><p data-start=\"2749\" data-end=\"2808\">Avec la personnalisation et l&rsquo;image de marque ad\u00e9quates, votre machine :<\/p><ul data-start=\"2810\" data-end=\"3031\"><li data-start=\"2810\" data-end=\"2878\"><p data-start=\"2812\" data-end=\"2878\">Se comprend en quelques secondes : le client sait ce qu&rsquo;elle fait et comment l&rsquo;utiliser.<\/p><\/li><li data-start=\"2879\" data-end=\"2956\"><p data-start=\"2881\" data-end=\"2956\">S&rsquo;int\u00e8gre \u00e0 l&rsquo;environnement (retail, \u00e9v\u00e9nement, campus\u2026) au lieu de \u00ab d\u00e9tonner \u00bb.<\/p><\/li><li data-start=\"2957\" data-end=\"3031\"><p data-start=\"2959\" data-end=\"3031\">Renforce votre marque chaque fois que quelqu&rsquo;un passe, regarde\u2026 et emporte une coque.<\/p><\/li><\/ul><p data-start=\"3033\" data-end=\"3210\">Si vous le souhaitez, lors de la prochaine it\u00e9ration, je vous pr\u00e9pare ce m\u00eame contenu avec des titres et des microcopys pens\u00e9s pour des blocs concrets d&rsquo;Elementor (hero, 3 colonnes d&rsquo;avantages, etc.).<\/p>\t\t\t\t\t\t\t\t<\/div>\n\t\t\t\t<div class=\"elementor-element elementor-element-c249c21 elementor-widget elementor-widget-image\" data-id=\"c249c21\" data-element_type=\"widget\" data-widget_type=\"image.default\">\n\t\t\t\t\t\t\t\t\t\t\t\t\t\t\t<img decoding=\"async\" width=\"683\" height=\"1024\" src=\"https:\/\/pimpam-vending.com\/wp-content\/uploads\/2026\/01\/ChatGPT-Image-22-ene-2026-17_07_00-683x1024.png\" class=\"attachment-large size-large wp-image-383\" alt=\"\" srcset=\"https:\/\/pimpam-vending.com\/wp-content\/uploads\/2026\/01\/ChatGPT-Image-22-ene-2026-17_07_00-683x1024.png 683w, https:\/\/pimpam-vending.com\/wp-content\/uploads\/2026\/01\/ChatGPT-Image-22-ene-2026-17_07_00-200x300.png 200w, https:\/\/pimpam-vending.com\/wp-content\/uploads\/2026\/01\/ChatGPT-Image-22-ene-2026-17_07_00-768x1152.png 768w, https:\/\/pimpam-vending.com\/wp-content\/uploads\/2026\/01\/ChatGPT-Image-22-ene-2026-17_07_00.png 1024w\" sizes=\"(max-width: 683px) 100vw, 683px\" \/>\t\t\t\t\t\t\t\t\t\t\t\t\t\t\t<\/div>\n\t\t\t\t<\/div>\n\t\t\t\t\t<\/div>\n\t\t\t\t<\/div>\n\t\t<div class=\"elementor-element elementor-element-bebd914 e-flex e-con-boxed e-con e-parent\" data-id=\"bebd914\" data-element_type=\"container\">\n\t\t\t\t\t<div class=\"e-con-inner\">\n\t\t\t\t<div class=\"elementor-element elementor-element-d9d3573 elementor-widget elementor-widget-spacer\" data-id=\"d9d3573\" data-element_type=\"widget\" data-widget_type=\"spacer.default\">\n\t\t\t\t\t\t\t<div class=\"elementor-spacer\">\n\t\t\t<div class=\"elementor-spacer-inner\"><\/div>\n\t\t<\/div>\n\t\t\t\t\t\t<\/div>\n\t\t\t\t\t<\/div>\n\t\t\t\t<\/div>\n\t\t<div class=\"elementor-element elementor-element-72c2b69c e-flex e-con-boxed e-con e-parent\" data-id=\"72c2b69c\" data-element_type=\"container\" data-settings=\"{&quot;background_background&quot;:&quot;gradient&quot;,&quot;shape_divider_top&quot;:&quot;waves&quot;}\">\n\t\t\t\t\t<div class=\"e-con-inner\">\n\t\t\t\t<div class=\"elementor-shape elementor-shape-top\" aria-hidden=\"true\" data-negative=\"false\">\n\t\t\t<svg xmlns=\"http:\/\/www.w3.org\/2000\/svg\" viewBox=\"0 0 1000 100\" preserveAspectRatio=\"none\">\n\t<path class=\"elementor-shape-fill\" d=\"M421.9,6.5c22.6-2.5,51.5,0.4,75.5,5.3c23.6,4.9,70.9,23.5,100.5,35.7c75.8,32.2,133.7,44.5,192.6,49.7\n\tc23.6,2.1,48.7,3.5,103.4-2.5c54.7-6,106.2-25.6,106.2-25.6V0H0v30.3c0,0,72,32.6,158.4,30.5c39.2-0.7,92.8-6.7,134-22.4\n\tc21.2-8.1,52.2-18.2,79.7-24.2C399.3,7.9,411.6,7.5,421.9,6.5z\"\/>\n<\/svg>\t\t<\/div>\n\t\t<div class=\"elementor-element elementor-element-2c8874b4 e-con-full e-flex e-con e-child\" data-id=\"2c8874b4\" data-element_type=\"container\">\n\t\t\t\t<div class=\"elementor-element elementor-element-259c6096 elementor-widget elementor-widget-cta\" data-id=\"259c6096\" data-element_type=\"widget\" data-settings=\"{&quot;primary_button_shape&quot;:&quot;round&quot;,&quot;layout_preset&quot;:&quot;focus&quot;,&quot;cta_vertical_position&quot;:&quot;start&quot;,&quot;box_shape&quot;:&quot;sharp&quot;}\" data-widget_type=\"cta.default\">\n\t\t\t\t<div class=\"elementor-widget-container\">\n\t\t\t\t\t\t\t<div class=\"has-shape-sharp shape-type-box ehp-cta has-preset-focus\">\n\t\t\t<div class=\"ehp-cta__overlay\"><\/div>\n\t\t\t<div class=\"ehp-cta__elements-container\">\n\t\t\t\t\t\t<div class=\"ehp-cta__text-container\">\n\t\t\t<h2 class=\"ehp-cta__heading\">Vous souhaitez d\u00e9j\u00e0 proposer le service dans votre espace ?<\/h2><p class=\"ehp-cta__description\">Demandez-nous plus d'informations<\/p>\t\t<\/div>\n\t\t\t\t\t<div class=\"ehp-cta__ctas-container\">\n\t\t\t\t<div class=\"ehp-cta__buttons-wrapper\">\n\t\t\t\t\t\t\t<a class=\"has-shape-round shape-type-button ehp-button ehp-button--primary ehp-cta__button ehp-cta__button--primary is-type-button\" href=\"https:\/\/pimpam-vending.com\/contact\/\">\n\t\t\t<svg aria-hidden=\"true\" class=\"ehp-button__icon e-font-icon-svg e-fas-arrow-right\" 0=\"ehp-cta__button-icon\" viewBox=\"0 0 448 512\" xmlns=\"http:\/\/www.w3.org\/2000\/svg\"><path d=\"M190.5 66.9l22.2-22.2c9.4-9.4 24.6-9.4 33.9 0L441 239c9.4 9.4 9.4 24.6 0 33.9L246.6 467.3c-9.4 9.4-24.6 9.4-33.9 0l-22.2-22.2c-9.5-9.5-9.3-25 .4-34.3L311.4 296H24c-13.3 0-24-10.7-24-24v-32c0-13.3 10.7-24 24-24h287.4L190.9 101.2c-9.8-9.3-10-24.8-.4-34.3z\"><\/path><\/svg>\t\t<span class=\"ehp-button__text ehp-cta__button-text ehp-cta__button-text--primary\">\n\t\t\tContactez-nous\t\t\t\t<\/a>\n\t\t\t\t\t\t\t\t\t\t\t<\/div>\n\t\t\t<\/div>\n\t\t\t\t\t<\/div>\n\t\t<\/div>\n\t\t\t\t\t\t<\/div>\n\t\t\t\t<\/div>\n\t\t\t\t<\/div>\n\t\t<div class=\"elementor-element elementor-element-2c1b48fa e-con-full e-flex e-con e-child\" data-id=\"2c1b48fa\" data-element_type=\"container\">\n\t\t\t\t<div class=\"elementor-element elementor-element-2c95c29f elementor-widget elementor-widget-image\" data-id=\"2c95c29f\" data-element_type=\"widget\" data-widget_type=\"image.default\">\n\t\t\t\t\t\t\t\t\t\t\t\t\t\t\t<img loading=\"lazy\" decoding=\"async\" width=\"1536\" height=\"1024\" src=\"https:\/\/pimpam-vending.com\/wp-content\/uploads\/2026\/01\/pimpam-aeropuerto.png\" class=\"attachment-full size-full wp-image-387\" alt=\"\" srcset=\"https:\/\/pimpam-vending.com\/wp-content\/uploads\/2026\/01\/pimpam-aeropuerto.png 1536w, https:\/\/pimpam-vending.com\/wp-content\/uploads\/2026\/01\/pimpam-aeropuerto-300x200.png 300w, https:\/\/pimpam-vending.com\/wp-content\/uploads\/2026\/01\/pimpam-aeropuerto-1024x683.png 1024w, https:\/\/pimpam-vending.com\/wp-content\/uploads\/2026\/01\/pimpam-aeropuerto-768x512.png 768w\" sizes=\"(max-width: 1536px) 100vw, 1536px\" \/>\t\t\t\t\t\t\t\t\t\t\t\t\t\t\t<\/div>\n\t\t\t\t<\/div>\n\t\t\t\t\t<\/div>\n\t\t\t\t<\/div>\n\t\t\t\t<\/div>\n\t\t","protected":false},"excerpt":{"rendered":"<p>Votre machine, votre image de marque Personnalisation et image de marque de vos machines Pimpam Votre marque au premier plan La machine n&rsquo;est pas seulement un point de vente : c&rsquo;est un module de retail et un mupi iluminado au service de votre marque, actif 24 heures sur 24. Chaque face de la machine travaille [&hellip;]<\/p>\n","protected":false},"author":1,"featured_media":0,"parent":0,"menu_order":0,"comment_status":"closed","ping_status":"closed","template":"elementor_header_footer","meta":{"_eb_attr":"","footnotes":""},"class_list":["post-381","page","type-page","status-publish","hentry"],"_links":{"self":[{"href":"https:\/\/pimpam-vending.com\/fr\/wp-json\/wp\/v2\/pages\/381","targetHints":{"allow":["GET"]}}],"collection":[{"href":"https:\/\/pimpam-vending.com\/fr\/wp-json\/wp\/v2\/pages"}],"about":[{"href":"https:\/\/pimpam-vending.com\/fr\/wp-json\/wp\/v2\/types\/page"}],"author":[{"embeddable":true,"href":"https:\/\/pimpam-vending.com\/fr\/wp-json\/wp\/v2\/users\/1"}],"replies":[{"embeddable":true,"href":"https:\/\/pimpam-vending.com\/fr\/wp-json\/wp\/v2\/comments?post=381"}],"version-history":[{"count":1,"href":"https:\/\/pimpam-vending.com\/fr\/wp-json\/wp\/v2\/pages\/381\/revisions"}],"predecessor-version":[{"id":391,"href":"https:\/\/pimpam-vending.com\/fr\/wp-json\/wp\/v2\/pages\/381\/revisions\/391"}],"wp:attachment":[{"href":"https:\/\/pimpam-vending.com\/fr\/wp-json\/wp\/v2\/media?parent=381"}],"curies":[{"name":"wp","href":"https:\/\/api.w.org\/{rel}","templated":true}]}}