{"id":510,"date":"2026-01-23T15:11:12","date_gmt":"2026-01-23T14:11:12","guid":{"rendered":"https:\/\/pimpam-vending.com\/automaten-mit-ihrer-marke\/"},"modified":"2026-01-30T13:28:25","modified_gmt":"2026-01-30T12:28:25","slug":"automaten-mit-ihrer-marke","status":"publish","type":"page","link":"https:\/\/pimpam-vending.com\/de\/automaten-mit-ihrer-marke\/","title":{"rendered":"Automaten mit Ihrer Marke"},"content":{"rendered":"\t\t<div data-elementor-type=\"wp-page\" data-elementor-id=\"510\" class=\"elementor elementor-510 elementor-297\" data-elementor-post-type=\"page\">\n\t\t\t\t<div class=\"elementor-element elementor-element-2d877591 e-flex e-con-boxed e-con e-parent\" data-id=\"2d877591\" data-element_type=\"container\" data-settings=\"{&quot;background_background&quot;:&quot;gradient&quot;,&quot;shape_divider_bottom&quot;:&quot;waves&quot;}\">\n\t\t\t\t\t<div class=\"e-con-inner\">\n\t\t\t\t<div class=\"elementor-shape elementor-shape-bottom\" aria-hidden=\"true\" data-negative=\"false\">\n\t\t\t<svg xmlns=\"http:\/\/www.w3.org\/2000\/svg\" viewBox=\"0 0 1000 100\" preserveAspectRatio=\"none\">\n\t<path class=\"elementor-shape-fill\" d=\"M421.9,6.5c22.6-2.5,51.5,0.4,75.5,5.3c23.6,4.9,70.9,23.5,100.5,35.7c75.8,32.2,133.7,44.5,192.6,49.7\n\tc23.6,2.1,48.7,3.5,103.4-2.5c54.7-6,106.2-25.6,106.2-25.6V0H0v30.3c0,0,72,32.6,158.4,30.5c39.2-0.7,92.8-6.7,134-22.4\n\tc21.2-8.1,52.2-18.2,79.7-24.2C399.3,7.9,411.6,7.5,421.9,6.5z\"\/>\n<\/svg>\t\t<\/div>\n\t\t\t\t<div class=\"elementor-element elementor-element-5041a16 elementor-widget elementor-widget-heading\" data-id=\"5041a16\" data-element_type=\"widget\" data-widget_type=\"heading.default\">\n\t\t\t\t\t<h1 class=\"elementor-heading-title elementor-size-default\">Ihr Automat, Ihr Branding<\/h1>\t\t\t\t<\/div>\n\t\t\t\t\t<\/div>\n\t\t\t\t<\/div>\n\t\t<div class=\"elementor-element elementor-element-3d3322b e-flex e-con-boxed e-con e-parent\" data-id=\"3d3322b\" data-element_type=\"container\">\n\t\t\t\t\t<div class=\"e-con-inner\">\n\t\t\t\t<div class=\"elementor-element elementor-element-710eb6e elementor-widget elementor-widget-heading\" data-id=\"710eb6e\" data-element_type=\"widget\" data-widget_type=\"heading.default\">\n\t\t\t\t\t<h2 class=\"elementor-heading-title elementor-size-default\">Personalisierung und Branding Ihrer Pimpam-Automaten<\/h2>\t\t\t\t<\/div>\n\t\t<div class=\"elementor-element elementor-element-3758254 e-grid e-con-full e-con e-child\" data-id=\"3758254\" data-element_type=\"container\">\n\t\t<div class=\"elementor-element elementor-element-3fab0e1 e-con-full e-flex e-con e-child\" data-id=\"3fab0e1\" data-element_type=\"container\">\n\t\t\t\t<div class=\"elementor-element elementor-element-38ba69e elementor-widget elementor-widget-text-editor\" data-id=\"38ba69e\" data-element_type=\"widget\" data-widget_type=\"text-editor.default\">\n\t\t\t\t\t\t\t\t\t<h3 data-start=\"58\" data-end=\"87\">Ihre Marke in erster Reihe<\/h3><p data-start=\"89\" data-end=\"392\">Der Automat ist nicht nur ein Verkaufsstandort: Er ist ein <strong data-start=\"136\" data-end=\"156\">Retail-Modul<\/strong> und eine <strong data-start=\"162\" data-end=\"180\">beleuchtete Litfa\u00dfs\u00e4ule<\/strong> im Dienste Ihrer Marke, die 24 Stunden am Tag aktiv ist. Jede Seite des Automaten arbeitet f\u00fcr Sie, zieht die Aufmerksamkeit aus verschiedenen Blickwinkeln des Ganges auf sich und wird zu einem festen Werbetr\u00e4ger innerhalb des Zentrums. <\/p><ul data-start=\"394\" data-end=\"1125\"><li data-start=\"394\" data-end=\"566\"><p data-start=\"396\" data-end=\"566\"><strong data-start=\"396\" data-end=\"431\">Logo und Corporate-Farben<\/strong>, die auf die gesamte H\u00fclle aufgebracht werden, damit der Automat auf den ersten Blick als \u201eIhrer\u201c erkannt wird, auch aus mehreren Metern Entfernung.<\/p><\/li><li data-start=\"567\" data-end=\"753\"><p data-start=\"569\" data-end=\"753\"><strong data-start=\"569\" data-end=\"599\">Klare und direkte Botschaften<\/strong>, die erkl\u00e4ren, was der Automat macht, warum er anders ist und welchen Nutzen der Kunde hat (\u201eGestalten Sie Ihre H\u00fclle im Handumdrehen\u201c, \u201eNehmen Sie sie in 5 Minuten mit\u201c usw.).<\/p><\/li><li data-start=\"754\" data-end=\"939\"><p data-start=\"756\" data-end=\"939\"><strong data-start=\"756\" data-end=\"823\">F\u00fcr Kampagnen, Sponsoring und zeitlich begrenzte Aktionen reservierte Bereiche<\/strong>, in denen Sie Rabatte, Produkteinf\u00fchrungen, Sonderveranstaltungen oder Vereinbarungen mit Partnermarken hervorheben k\u00f6nnen.<\/p><\/li><li data-start=\"940\" data-end=\"1125\"><p data-start=\"942\" data-end=\"1125\">M\u00f6glichkeit zur Integration von <strong data-start=\"966\" data-end=\"1009\">saisonspezifischen Designs<\/strong> (Sommer, Weihnachten, Schulanfang, Festivals usw.), ohne das gesamte Design zu \u00e4ndern, sondern nur durch Erneuerung einiger grafischer Module.<\/p><\/li><\/ul><p data-start=\"1127\" data-end=\"1347\">Es ist die ideale Option f\u00fcr <strong data-start=\"1151\" data-end=\"1203\">Einzelh\u00e4ndler, Marken, Veranstaltungen und Einkaufszentren<\/strong>, die mehr als nur \u201eeinen weiteren Automaten\u201c wollen: ein Element der Sichtbarkeit, das die Marke st\u00e4rkt, den Raum dynamisiert und gleichzeitig Ums\u00e4tze generiert.<\/p>\t\t\t\t\t\t\t\t<\/div>\n\t\t\t\t<\/div>\n\t\t<div class=\"elementor-element elementor-element-7ef4bf6 e-con-full e-flex e-con e-child\" data-id=\"7ef4bf6\" data-element_type=\"container\">\n\t\t\t\t<div class=\"elementor-element elementor-element-8265e3b elementor-widget elementor-widget-image\" data-id=\"8265e3b\" data-element_type=\"widget\" data-widget_type=\"image.default\">\n\t\t\t\t\t\t\t\t\t\t\t\t\t\t\t<img fetchpriority=\"high\" decoding=\"async\" width=\"800\" height=\"939\" src=\"https:\/\/pimpam-vending.com\/wp-content\/uploads\/2026\/01\/pimpam-centro-872x1024.png\" class=\"attachment-large size-large wp-image-516\" alt=\"\" srcset=\"https:\/\/pimpam-vending.com\/wp-content\/uploads\/2026\/01\/pimpam-centro-872x1024.png 872w, https:\/\/pimpam-vending.com\/wp-content\/uploads\/2026\/01\/pimpam-centro-255x300.png 255w, https:\/\/pimpam-vending.com\/wp-content\/uploads\/2026\/01\/pimpam-centro-768x902.png 768w, https:\/\/pimpam-vending.com\/wp-content\/uploads\/2026\/01\/pimpam-centro.png 1024w\" sizes=\"(max-width: 800px) 100vw, 800px\" \/>\t\t\t\t\t\t\t\t\t\t\t\t\t\t\t<\/div>\n\t\t\t\t<\/div>\n\t\t\t\t<\/div>\n\t\t<div class=\"elementor-element elementor-element-fab9ca0 e-grid e-con-full e-con e-child\" data-id=\"fab9ca0\" data-element_type=\"container\">\n\t\t\t\t<div class=\"elementor-element elementor-element-f92c4a6 elementor-widget elementor-widget-image\" data-id=\"f92c4a6\" data-element_type=\"widget\" data-widget_type=\"image.default\">\n\t\t\t\t\t\t\t\t\t\t\t\t\t\t\t<img decoding=\"async\" width=\"800\" height=\"668\" src=\"https:\/\/pimpam-vending.com\/wp-content\/uploads\/2026\/01\/brandyourvending-1024x855.png\" class=\"attachment-large size-large wp-image-515\" alt=\"\" srcset=\"https:\/\/pimpam-vending.com\/wp-content\/uploads\/2026\/01\/brandyourvending-1024x855.png 1024w, https:\/\/pimpam-vending.com\/wp-content\/uploads\/2026\/01\/brandyourvending-300x250.png 300w, https:\/\/pimpam-vending.com\/wp-content\/uploads\/2026\/01\/brandyourvending-768x641.png 768w, https:\/\/pimpam-vending.com\/wp-content\/uploads\/2026\/01\/brandyourvending.png 1227w\" sizes=\"(max-width: 800px) 100vw, 800px\" \/>\t\t\t\t\t\t\t\t\t\t\t\t\t\t\t<\/div>\n\t\t\t\t<div class=\"elementor-element elementor-element-44b0113 elementor-widget elementor-widget-text-editor\" data-id=\"44b0113\" data-element_type=\"widget\" data-widget_type=\"text-editor.default\">\n\t\t\t\t\t\t\t\t\t<h2 data-start=\"823\" data-end=\"850\">Was wir personalisieren k\u00f6nnen<\/h2><h3 data-start=\"852\" data-end=\"890\">1. Vollst\u00e4ndiges \u00c4u\u00dferes des Automaten<\/h3><ul data-start=\"892\" data-end=\"1199\"><li data-start=\"892\" data-end=\"997\"><p data-start=\"894\" data-end=\"997\">Integrales Design von <strong data-start=\"913\" data-end=\"937\">Vinylen und Beschriftungen<\/strong>: Vorderseite, Seiten, Oberseite und Abholbereich.<\/p><\/li><li data-start=\"998\" data-end=\"1088\"><p data-start=\"1000\" data-end=\"1088\">Anpassung an Ihr <strong data-start=\"1016\" data-end=\"1035\">Markenhandbuch<\/strong> (Schriftarten, Farbpalette, Bildstile).<\/p><\/li><li data-start=\"1089\" data-end=\"1199\"><p data-start=\"1091\" data-end=\"1199\">Integration von <strong data-start=\"1106\" data-end=\"1116\">Claims<\/strong> und spezifischen Botschaften: saisonale Kampagnen, Produkteinf\u00fchrungen, 2&#215;1-Aktionen usw.<\/p><\/li><\/ul><h3 data-start=\"1201\" data-end=\"1241\">2. Bildschirminhalte und Benutzeroberfl\u00e4che<\/h3><ul data-start=\"1243\" data-end=\"1443\"><li data-start=\"1243\" data-end=\"1313\"><p data-start=\"1245\" data-end=\"1313\">Start- und Wartebildschirme mit <strong data-start=\"1281\" data-end=\"1310\">Designs Ihrer Marke<\/strong>.<\/p><\/li><li data-start=\"1314\" data-end=\"1380\"><p data-start=\"1316\" data-end=\"1380\">An Ihren Kommunikationsstil angepasste Anweisungsmeldungen.<\/p><\/li><li data-start=\"1381\" data-end=\"1443\"><p data-start=\"1383\" data-end=\"1443\">Sprachen und W\u00e4hrungen, die je nach Land oder Art des Publikums konfiguriert sind.<\/p><\/li><\/ul><h3 data-start=\"1445\" data-end=\"1481\">3. Designkatalog f\u00fcr H\u00fcllen<\/h3><ul data-start=\"1483\" data-end=\"1716\"><li data-start=\"1483\" data-end=\"1562\"><p data-start=\"1485\" data-end=\"1562\">Exklusive Kollektionen mit Ihrer Marke, Veranstaltung, Ihrem Verein, Ihrer Universit\u00e4t oder Ihrer Pers\u00f6nlichkeit.<\/p><\/li><li data-start=\"1563\" data-end=\"1643\"><p data-start=\"1565\" data-end=\"1643\">Themenpakete (Sommer, Weihnachten, Schlussverkauf, Konzerte, Sportmannschaften\u2026).<\/p><\/li><li data-start=\"1644\" data-end=\"1716\"><p data-start=\"1646\" data-end=\"1716\">M\u00f6glichkeit, \u201efreie\u201c Designs mit 100 % Designs Ihrer Marke zu kombinieren.<\/p><\/li><\/ul>\t\t\t\t\t\t\t\t<\/div>\n\t\t\t\t<\/div>\n\t\t<div class=\"elementor-element elementor-element-7fe975f e-grid e-con-full e-con e-child\" data-id=\"7fe975f\" data-element_type=\"container\">\n\t\t\t\t<div class=\"elementor-element elementor-element-8e6d9ff elementor-widget elementor-widget-text-editor\" data-id=\"8e6d9ff\" data-element_type=\"widget\" data-widget_type=\"text-editor.default\">\n\t\t\t\t\t\t\t\t\t<h2 data-start=\"1723\" data-end=\"1772\">Branding f\u00fcr Marken, Zentren und Sponsoren<\/h2><p data-start=\"1774\" data-end=\"1797\">Der Automat kann sein:<\/p><ul data-start=\"1799\" data-end=\"2121\"><li data-start=\"1799\" data-end=\"1875\"><p data-start=\"1801\" data-end=\"1875\"><strong data-start=\"1801\" data-end=\"1832\">Nur mit Ihrer Marke gebrandet<\/strong>, als w\u00e4re er ein eigener Verkaufsstandort.<\/p><\/li><li data-start=\"1876\" data-end=\"1958\"><p data-start=\"1878\" data-end=\"1958\"><strong data-start=\"1878\" data-end=\"1894\">Co-Branding<\/strong> mit dem Logo des Einkaufszentrums, Festivals, der Universit\u00e4t usw.<\/p><\/li><li data-start=\"1959\" data-end=\"2121\"><p data-start=\"1961\" data-end=\"2121\"><strong data-start=\"1961\" data-end=\"1976\">Gesponsert<\/strong>: Premium-Platz f\u00fcr Werbetreibende, die mit dem Erlebnis in Verbindung gebracht werden m\u00f6chten (z. B. ein Betreiber, eine Erfrischungsgetr\u00e4nkemarke oder eine lokale Marke).<\/p><\/li><\/ul><p data-start=\"2123\" data-end=\"2231\">So k\u00f6nnen Sie den Automaten nicht nur durch Verk\u00e4ufe, sondern auch durch <strong data-start=\"2203\" data-end=\"2230\">Werbepr\u00e4senz<\/strong> monetarisieren.<\/p><h2 data-start=\"2238\" data-end=\"2272\">Designprozess Ihres Automaten<\/h2><ol data-start=\"2274\" data-end=\"2697\"><li data-start=\"2274\" data-end=\"2366\"><p data-start=\"2277\" data-end=\"2366\"><strong data-start=\"2277\" data-end=\"2296\">Schnelles Briefing<\/strong>: Wir erfassen Ihr Logo, Ihr Markenhandbuch, Ihre Ziele und die Art des Standorts.<\/p><\/li><li data-start=\"2367\" data-end=\"2479\"><p data-start=\"2370\" data-end=\"2479\"><strong data-start=\"2370\" data-end=\"2393\">Designvorschlag<\/strong>: Wir pr\u00e4sentieren Ihnen ein Mockup wie das auf dem Bild, mit allen Pl\u00e4nen des Automaten.<\/p><\/li><li data-start=\"2480\" data-end=\"2562\"><p data-start=\"2483\" data-end=\"2562\"><strong data-start=\"2483\" data-end=\"2497\">\u00dcberarbeitungen<\/strong>: Wir passen Botschaften, Farben und Claims an, bis es perfekt ist.<\/p><\/li><li data-start=\"2563\" data-end=\"2697\"><p data-start=\"2566\" data-end=\"2697\"><strong data-start=\"2566\" data-end=\"2594\">Produktion und Installation<\/strong>: Wir drucken hochwertige Vinylfolien, bringen sie an und machen den Automaten verkaufs- und kommunikationsbereit.<\/p><\/li><\/ol><h2 data-start=\"2704\" data-end=\"2747\">Bereit, vom ersten Tag an aufzufallen<\/h2><p data-start=\"2749\" data-end=\"2808\">Mit der richtigen Personalisierung und dem richtigen Branding wird Ihr Automat:<\/p><ul data-start=\"2810\" data-end=\"3031\"><li data-start=\"2810\" data-end=\"2878\"><p data-start=\"2812\" data-end=\"2878\">Er ist in Sekundenschnelle verst\u00e4ndlich: Der Kunde wei\u00df, was er tut und wie er ihn benutzt.<\/p><\/li><li data-start=\"2879\" data-end=\"2956\"><p data-start=\"2881\" data-end=\"2956\">Er passt in die Umgebung (Einzelhandel, Veranstaltung, Campus\u2026), anstatt \u201efehl am Platz\u201c zu wirken.<\/p><\/li><li data-start=\"2957\" data-end=\"3031\"><p data-start=\"2959\" data-end=\"3031\">Er st\u00e4rkt Ihre Marke jedes Mal, wenn jemand vorbeigeht, hinschaut\u2026 und eine H\u00fclle mitnimmt.<\/p><\/li><\/ul><p data-start=\"3033\" data-end=\"3210\">Wenn Sie m\u00f6chten, bereite ich Ihnen in der n\u00e4chsten Iteration denselben Inhalt mit Titeln und Mikrokopien vor, die f\u00fcr bestimmte Elementor-Bl\u00f6cke (Hero, 3 Spalten mit Vorteilen usw.) gedacht sind.<\/p>\t\t\t\t\t\t\t\t<\/div>\n\t\t\t\t<div class=\"elementor-element elementor-element-c249c21 elementor-widget elementor-widget-image\" data-id=\"c249c21\" data-element_type=\"widget\" data-widget_type=\"image.default\">\n\t\t\t\t\t\t\t\t\t\t\t\t\t\t\t<img decoding=\"async\" width=\"683\" height=\"1024\" src=\"https:\/\/pimpam-vending.com\/wp-content\/uploads\/2026\/01\/ChatGPT-Image-22-ene-2026-17_07_00-683x1024.png\" class=\"attachment-large size-large wp-image-512\" alt=\"\" srcset=\"https:\/\/pimpam-vending.com\/wp-content\/uploads\/2026\/01\/ChatGPT-Image-22-ene-2026-17_07_00-683x1024.png 683w, https:\/\/pimpam-vending.com\/wp-content\/uploads\/2026\/01\/ChatGPT-Image-22-ene-2026-17_07_00-200x300.png 200w, https:\/\/pimpam-vending.com\/wp-content\/uploads\/2026\/01\/ChatGPT-Image-22-ene-2026-17_07_00-768x1152.png 768w, https:\/\/pimpam-vending.com\/wp-content\/uploads\/2026\/01\/ChatGPT-Image-22-ene-2026-17_07_00.png 1024w\" sizes=\"(max-width: 683px) 100vw, 683px\" \/>\t\t\t\t\t\t\t\t\t\t\t\t\t\t\t<\/div>\n\t\t\t\t<\/div>\n\t\t\t\t\t<\/div>\n\t\t\t\t<\/div>\n\t\t<div class=\"elementor-element elementor-element-bebd914 e-flex e-con-boxed e-con e-parent\" data-id=\"bebd914\" data-element_type=\"container\">\n\t\t\t\t\t<div class=\"e-con-inner\">\n\t\t\t\t<div class=\"elementor-element elementor-element-d9d3573 elementor-widget elementor-widget-spacer\" data-id=\"d9d3573\" data-element_type=\"widget\" data-widget_type=\"spacer.default\">\n\t\t\t\t\t\t\t<div class=\"elementor-spacer\">\n\t\t\t<div class=\"elementor-spacer-inner\"><\/div>\n\t\t<\/div>\n\t\t\t\t\t\t<\/div>\n\t\t\t\t\t<\/div>\n\t\t\t\t<\/div>\n\t\t<div class=\"elementor-element elementor-element-72c2b69c e-flex e-con-boxed e-con e-parent\" data-id=\"72c2b69c\" data-element_type=\"container\" data-settings=\"{&quot;background_background&quot;:&quot;gradient&quot;,&quot;shape_divider_top&quot;:&quot;waves&quot;}\">\n\t\t\t\t\t<div class=\"e-con-inner\">\n\t\t\t\t<div class=\"elementor-shape elementor-shape-top\" aria-hidden=\"true\" data-negative=\"false\">\n\t\t\t<svg xmlns=\"http:\/\/www.w3.org\/2000\/svg\" viewBox=\"0 0 1000 100\" preserveAspectRatio=\"none\">\n\t<path class=\"elementor-shape-fill\" d=\"M421.9,6.5c22.6-2.5,51.5,0.4,75.5,5.3c23.6,4.9,70.9,23.5,100.5,35.7c75.8,32.2,133.7,44.5,192.6,49.7\n\tc23.6,2.1,48.7,3.5,103.4-2.5c54.7-6,106.2-25.6,106.2-25.6V0H0v30.3c0,0,72,32.6,158.4,30.5c39.2-0.7,92.8-6.7,134-22.4\n\tc21.2-8.1,52.2-18.2,79.7-24.2C399.3,7.9,411.6,7.5,421.9,6.5z\"\/>\n<\/svg>\t\t<\/div>\n\t\t<div class=\"elementor-element elementor-element-2c8874b4 e-con-full e-flex e-con e-child\" data-id=\"2c8874b4\" data-element_type=\"container\">\n\t\t\t\t<div class=\"elementor-element elementor-element-259c6096 elementor-widget elementor-widget-cta\" data-id=\"259c6096\" data-element_type=\"widget\" data-settings=\"{&quot;primary_button_shape&quot;:&quot;round&quot;,&quot;layout_preset&quot;:&quot;focus&quot;,&quot;cta_vertical_position&quot;:&quot;start&quot;,&quot;box_shape&quot;:&quot;sharp&quot;}\" data-widget_type=\"cta.default\">\n\t\t\t\t<div class=\"elementor-widget-container\">\n\t\t\t\t\t\t\t<div class=\"has-shape-sharp shape-type-box ehp-cta has-preset-focus\">\n\t\t\t<div class=\"ehp-cta__overlay\"><\/div>\n\t\t\t<div class=\"ehp-cta__elements-container\">\n\t\t\t\t\t\t<div class=\"ehp-cta__text-container\">\n\t\t\t<h2 class=\"ehp-cta__heading\">M\u00f6chten Sie den Service bereits in Ihrem Bereich anbieten?<\/h2><p class=\"ehp-cta__description\">Fordern Sie weitere Informationen an<\/p>\t\t<\/div>\n\t\t\t\t\t<div class=\"ehp-cta__ctas-container\">\n\t\t\t\t<div class=\"ehp-cta__buttons-wrapper\">\n\t\t\t\t\t\t\t<a class=\"has-shape-round shape-type-button ehp-button ehp-button--primary ehp-cta__button ehp-cta__button--primary is-type-button\" href=\"https:\/\/pimpam-vending.com\/contact\/\">\n\t\t\t<svg aria-hidden=\"true\" class=\"ehp-button__icon e-font-icon-svg e-fas-arrow-right\" 0=\"ehp-cta__button-icon\" viewBox=\"0 0 448 512\" xmlns=\"http:\/\/www.w3.org\/2000\/svg\"><path d=\"M190.5 66.9l22.2-22.2c9.4-9.4 24.6-9.4 33.9 0L441 239c9.4 9.4 9.4 24.6 0 33.9L246.6 467.3c-9.4 9.4-24.6 9.4-33.9 0l-22.2-22.2c-9.5-9.5-9.3-25 .4-34.3L311.4 296H24c-13.3 0-24-10.7-24-24v-32c0-13.3 10.7-24 24-24h287.4L190.9 101.2c-9.8-9.3-10-24.8-.4-34.3z\"><\/path><\/svg>\t\t<span class=\"ehp-button__text ehp-cta__button-text ehp-cta__button-text--primary\">\n\t\t\tKontakt\t\t\t\t<\/a>\n\t\t\t\t\t\t\t\t\t\t\t<\/div>\n\t\t\t<\/div>\n\t\t\t\t\t<\/div>\n\t\t<\/div>\n\t\t\t\t\t\t<\/div>\n\t\t\t\t<\/div>\n\t\t\t\t<\/div>\n\t\t<div class=\"elementor-element elementor-element-2c1b48fa e-con-full e-flex e-con e-child\" data-id=\"2c1b48fa\" data-element_type=\"container\">\n\t\t\t\t<div class=\"elementor-element elementor-element-2c95c29f elementor-widget elementor-widget-image\" data-id=\"2c95c29f\" data-element_type=\"widget\" data-widget_type=\"image.default\">\n\t\t\t\t\t\t\t\t\t\t\t\t\t\t\t<img loading=\"lazy\" decoding=\"async\" width=\"1536\" height=\"1024\" src=\"https:\/\/pimpam-vending.com\/wp-content\/uploads\/2026\/01\/pimpam-aeropuerto.png\" class=\"attachment-full size-full wp-image-422\" alt=\"\" srcset=\"https:\/\/pimpam-vending.com\/wp-content\/uploads\/2026\/01\/pimpam-aeropuerto.png 1536w, https:\/\/pimpam-vending.com\/wp-content\/uploads\/2026\/01\/pimpam-aeropuerto-300x200.png 300w, https:\/\/pimpam-vending.com\/wp-content\/uploads\/2026\/01\/pimpam-aeropuerto-1024x683.png 1024w, https:\/\/pimpam-vending.com\/wp-content\/uploads\/2026\/01\/pimpam-aeropuerto-768x512.png 768w\" sizes=\"(max-width: 1536px) 100vw, 1536px\" \/>\t\t\t\t\t\t\t\t\t\t\t\t\t\t\t<\/div>\n\t\t\t\t<\/div>\n\t\t\t\t\t<\/div>\n\t\t\t\t<\/div>\n\t\t\t\t<\/div>\n\t\t","protected":false},"excerpt":{"rendered":"<p>Ihr Automat, Ihr Branding Personalisierung und Branding Ihrer Pimpam-Automaten Ihre Marke in erster Reihe Der Automat ist nicht nur ein Verkaufsstandort: Er ist ein Retail-Modul und eine beleuchtete Litfa\u00dfs\u00e4ule im Dienste Ihrer Marke, die 24 Stunden am Tag aktiv ist. Jede Seite des Automaten arbeitet f\u00fcr Sie, zieht die Aufmerksamkeit aus verschiedenen Blickwinkeln des Ganges [&hellip;]<\/p>\n","protected":false},"author":1,"featured_media":0,"parent":0,"menu_order":0,"comment_status":"closed","ping_status":"closed","template":"elementor_header_footer","meta":{"_eb_attr":"","footnotes":""},"class_list":["post-510","page","type-page","status-publish","hentry"],"_links":{"self":[{"href":"https:\/\/pimpam-vending.com\/de\/wp-json\/wp\/v2\/pages\/510","targetHints":{"allow":["GET"]}}],"collection":[{"href":"https:\/\/pimpam-vending.com\/de\/wp-json\/wp\/v2\/pages"}],"about":[{"href":"https:\/\/pimpam-vending.com\/de\/wp-json\/wp\/v2\/types\/page"}],"author":[{"embeddable":true,"href":"https:\/\/pimpam-vending.com\/de\/wp-json\/wp\/v2\/users\/1"}],"replies":[{"embeddable":true,"href":"https:\/\/pimpam-vending.com\/de\/wp-json\/wp\/v2\/comments?post=510"}],"version-history":[{"count":1,"href":"https:\/\/pimpam-vending.com\/de\/wp-json\/wp\/v2\/pages\/510\/revisions"}],"predecessor-version":[{"id":517,"href":"https:\/\/pimpam-vending.com\/de\/wp-json\/wp\/v2\/pages\/510\/revisions\/517"}],"wp:attachment":[{"href":"https:\/\/pimpam-vending.com\/de\/wp-json\/wp\/v2\/media?parent=510"}],"curies":[{"name":"wp","href":"https:\/\/api.w.org\/{rel}","templated":true}]}}